{"id":3066,"date":"2024-10-02T11:04:00","date_gmt":"2024-10-02T11:04:00","guid":{"rendered":"https:\/\/agrilifestudio.com\/?page_id=3066"},"modified":"2024-12-19T10:24:52","modified_gmt":"2024-12-19T10:24:52","slug":"entreprise-a-impact","status":"publish","type":"page","link":"https:\/\/agrilifestudio.com\/en\/entreprise-a-impact\/","title":{"rendered":"Impact"},"content":{"rendered":"\t\t<div data-elementor-type=\"wp-page\" data-elementor-id=\"3066\" class=\"elementor elementor-3066\" data-elementor-post-type=\"page\">\n\t\t\t\t<div class=\"elementor-element elementor-element-4d25493 e-flex e-con-boxed e-con e-parent\" data-id=\"4d25493\" data-element_type=\"container\" data-e-type=\"container\" data-settings=\"{&quot;background_background&quot;:&quot;classic&quot;,&quot;jet_parallax_layout_list&quot;:[]}\">\n\t\t\t\t\t<div class=\"e-con-inner\">\n\t\t<div class=\"elementor-element elementor-element-9bf0c6a e-con-full e-flex e-con e-child\" data-id=\"9bf0c6a\" data-element_type=\"container\" data-e-type=\"container\" data-settings=\"{&quot;jet_parallax_layout_list&quot;:[]}\">\n\t\t\t\t<div class=\"elementor-element elementor-element-bcca2ad elementor-widget elementor-widget-heading\" data-id=\"bcca2ad\" data-element_type=\"widget\" data-e-type=\"widget\" data-widget_type=\"heading.default\">\n\t\t\t\t<div class=\"elementor-widget-container\">\n\t\t\t\t\t<h1 class=\"elementor-heading-title elementor-size-default\">Les missions Agrilife Studio <\/h1>\t\t\t\t<\/div>\n\t\t\t\t<\/div>\n\t\t\t\t<div class=\"elementor-element elementor-element-46fe08c elementor-widget elementor-widget-text-editor\" data-id=\"46fe08c\" data-element_type=\"widget\" data-e-type=\"widget\" data-widget_type=\"text-editor.default\">\n\t\t\t\t<div class=\"elementor-widget-container\">\n\t\t\t\t\t\t\t\t\t<p>R\u00e9pondre aux enjeux majeurs de la transition agro-\u00e9cologique et mieux nourrir la plan\u00e8te en cr\u00e9ant avec vous des start-ups \u00e0 impact<\/p>\t\t\t\t\t\t\t\t<\/div>\n\t\t\t\t<\/div>\n\t\t\t\t<\/div>\n\t\t\t\t\t<\/div>\n\t\t\t\t<\/div>\n\t\t<div class=\"elementor-element elementor-element-1b8bd06 e-flex e-con-boxed e-con e-parent\" data-id=\"1b8bd06\" data-element_type=\"container\" data-e-type=\"container\" data-settings=\"{&quot;background_background&quot;:&quot;classic&quot;,&quot;jet_parallax_layout_list&quot;:[]}\">\n\t\t\t\t\t<div class=\"e-con-inner\">\n\t\t<div class=\"elementor-element elementor-element-9c12568 e-con-full e-flex e-con e-child\" data-id=\"9c12568\" data-element_type=\"container\" data-e-type=\"container\" data-settings=\"{&quot;jet_parallax_layout_list&quot;:[]}\">\n\t\t<div class=\"elementor-element elementor-element-7e0254b e-con-full e-flex e-con e-child\" data-id=\"7e0254b\" data-element_type=\"container\" data-e-type=\"container\" data-settings=\"{&quot;jet_parallax_layout_list&quot;:[]}\">\n\t\t\t\t<div class=\"elementor-element elementor-element-655e290 elementor-widget__width-auto elementor-widget-tablet__width-auto elementor-view-default elementor-widget elementor-widget-icon\" data-id=\"655e290\" data-element_type=\"widget\" data-e-type=\"widget\" data-widget_type=\"icon.default\">\n\t\t\t\t<div class=\"elementor-widget-container\">\n\t\t\t\t\t\t\t<div class=\"elementor-icon-wrapper\">\n\t\t\t<div class=\"elementor-icon\">\n\t\t\t<svg xmlns=\"http:\/\/www.w3.org\/2000\/svg\" width=\"19\" height=\"20\" viewBox=\"0 0 19 20\" fill=\"none\"><path d=\"M9.5 19.4954C14.7467 19.4954 19 15.2442 19 10.0001C19 4.75605 14.7467 0.504883 9.5 0.504883C4.2533 0.504883 0 4.75605 0 10.0001C0 15.2442 4.2533 19.4954 9.5 19.4954Z\" fill=\"#24FF72\"><\/path><path d=\"M9.49968 16.3725C13.0208 16.3725 15.8751 13.5195 15.8751 10.0002C15.8751 6.48089 13.0208 3.62793 9.49968 3.62793C5.97861 3.62793 3.12421 6.48089 3.12421 10.0002C3.12421 13.5195 5.97861 16.3725 9.49968 16.3725Z\" fill=\"white\"><\/path><path d=\"M9.49987 12.9333C11.1208 12.9333 12.4348 11.62 12.4348 9.99987C12.4348 8.37976 11.1208 7.06641 9.49987 7.06641C7.87896 7.06641 6.56494 8.37976 6.56494 9.99987C6.56494 11.62 7.87896 12.9333 9.49987 12.9333Z\" fill=\"#083833\"><\/path><\/svg>\t\t\t<\/div>\n\t\t<\/div>\n\t\t\t\t\t\t<\/div>\n\t\t\t\t<\/div>\n\t\t\t\t<div class=\"elementor-element elementor-element-fe080fc elementor-widget__width-inherit elementor-widget-tablet__width-auto elementor-widget elementor-widget-heading\" data-id=\"fe080fc\" data-element_type=\"widget\" data-e-type=\"widget\" data-widget_type=\"heading.default\">\n\t\t\t\t<div class=\"elementor-widget-container\">\n\t\t\t\t\t<h2 class=\"elementor-heading-title elementor-size-default\">La vision AgriLife<\/h2>\t\t\t\t<\/div>\n\t\t\t\t<\/div>\n\t\t\t\t<div class=\"elementor-element elementor-element-bbe6bb5 elementor-align-right elementor-widget__width-inherit elementor-mobile-align-justify elementor-hidden-tablet elementor-hidden-mobile elementor-widget elementor-widget-button\" data-id=\"bbe6bb5\" data-element_type=\"widget\" data-e-type=\"widget\" data-widget_type=\"button.default\">\n\t\t\t\t<div class=\"elementor-widget-container\">\n\t\t\t\t\t\t\t\t\t<div class=\"elementor-button-wrapper\">\n\t\t\t\t\t<a class=\"elementor-button elementor-size-sm\" role=\"button\">\n\t\t\t\t\t\t<span class=\"elementor-button-content-wrapper\">\n\t\t\t\t\t\t\t\t\t<span class=\"elementor-button-text\">T\u00e9l\u00e9charger la documentation<\/span>\n\t\t\t\t\t<\/span>\n\t\t\t\t\t<\/a>\n\t\t\t\t<\/div>\n\t\t\t\t\t\t\t\t<\/div>\n\t\t\t\t<\/div>\n\t\t\t\t<\/div>\n\t\t\t\t<div class=\"elementor-element elementor-element-0b52d5b elementor-widget elementor-widget-text-editor\" data-id=\"0b52d5b\" data-element_type=\"widget\" data-e-type=\"widget\" data-widget_type=\"text-editor.default\">\n\t\t\t\t<div class=\"elementor-widget-container\">\n\t\t\t\t\t\t\t\t\t<p>Nous sommes engag\u00e9s dans un futur agricole plus soutenable, pour les cultures, les consommateurs et les producteurs agricoles.\u00a0<br \/><br \/>Cela n\u00e9cessite de porter une attention particuli\u00e8re au climat, \u00e0 la biodiversit\u00e9 et aux ressources tout en s&rsquo;assurant de ne pas impacter n\u00e9gativement les parties prenantes de la chaine de valeur : producteur, distributeur, consommateur.\u00a0<br \/><br \/>Cela repr\u00e9sente notre vision de la transition juste.\u00a0<\/p>\t\t\t\t\t\t\t\t<\/div>\n\t\t\t\t<\/div>\n\t\t\t\t<\/div>\n\t\t<div class=\"elementor-element elementor-element-08371dc e-con-full e-flex e-con e-child\" data-id=\"08371dc\" data-element_type=\"container\" data-e-type=\"container\" data-settings=\"{&quot;jet_parallax_layout_list&quot;:[]}\">\n\t\t\t\t<div class=\"elementor-element elementor-element-bfdcb3a elementor-widget elementor-widget-image\" data-id=\"bfdcb3a\" data-element_type=\"widget\" data-e-type=\"widget\" data-widget_type=\"image.default\">\n\t\t\t\t<div class=\"elementor-widget-container\">\n\t\t\t\t\t\t\t\t\t\t\t\t\t\t\t<img fetchpriority=\"high\" decoding=\"async\" width=\"800\" height=\"796\" src=\"https:\/\/agrilifestudio.com\/wp-content\/uploads\/2024\/10\/Shema-1024x1019.png\" class=\"attachment-large size-large wp-image-3071\" alt=\"\" srcset=\"https:\/\/agrilifestudio.com\/wp-content\/uploads\/2024\/10\/Shema-1024x1019.png 1024w, https:\/\/agrilifestudio.com\/wp-content\/uploads\/2024\/10\/Shema-300x298.png 300w, https:\/\/agrilifestudio.com\/wp-content\/uploads\/2024\/10\/Shema-150x150.png 150w, https:\/\/agrilifestudio.com\/wp-content\/uploads\/2024\/10\/Shema-768x764.png 768w, https:\/\/agrilifestudio.com\/wp-content\/uploads\/2024\/10\/Shema.png 1337w\" sizes=\"(max-width: 800px) 100vw, 800px\" \/>\t\t\t\t\t\t\t\t\t\t\t\t\t\t\t<\/div>\n\t\t\t\t<\/div>\n\t\t\t\t<div class=\"elementor-element elementor-element-dc5819d elementor-widget elementor-widget-image\" data-id=\"dc5819d\" data-element_type=\"widget\" data-e-type=\"widget\" data-widget_type=\"image.default\">\n\t\t\t\t<div class=\"elementor-widget-container\">\n\t\t\t\t\t\t\t\t\t\t\t\t\t\t\t<img decoding=\"async\" width=\"800\" height=\"528\" src=\"https:\/\/agrilifestudio.com\/wp-content\/uploads\/2024\/10\/Legende-1024x676.png\" class=\"attachment-large size-large wp-image-3070\" alt=\"\" srcset=\"https:\/\/agrilifestudio.com\/wp-content\/uploads\/2024\/10\/Legende-1024x676.png 1024w, https:\/\/agrilifestudio.com\/wp-content\/uploads\/2024\/10\/Legende-300x198.png 300w, https:\/\/agrilifestudio.com\/wp-content\/uploads\/2024\/10\/Legende-768x507.png 768w, https:\/\/agrilifestudio.com\/wp-content\/uploads\/2024\/10\/Legende.png 1385w\" sizes=\"(max-width: 800px) 100vw, 800px\" \/>\t\t\t\t\t\t\t\t\t\t\t\t\t\t\t<\/div>\n\t\t\t\t<\/div>\n\t\t\t\t<div class=\"elementor-element elementor-element-f1e3fa7 elementor-align-right elementor-widget__width-inherit elementor-mobile-align-justify elementor-tablet-align-center elementor-hidden-desktop elementor-widget elementor-widget-button\" data-id=\"f1e3fa7\" data-element_type=\"widget\" data-e-type=\"widget\" data-widget_type=\"button.default\">\n\t\t\t\t<div class=\"elementor-widget-container\">\n\t\t\t\t\t\t\t\t\t<div class=\"elementor-button-wrapper\">\n\t\t\t\t\t<a class=\"elementor-button elementor-size-sm\" role=\"button\">\n\t\t\t\t\t\t<span class=\"elementor-button-content-wrapper\">\n\t\t\t\t\t\t\t\t\t<span class=\"elementor-button-text\">T\u00e9l\u00e9charger la documentation<\/span>\n\t\t\t\t\t<\/span>\n\t\t\t\t\t<\/a>\n\t\t\t\t<\/div>\n\t\t\t\t\t\t\t\t<\/div>\n\t\t\t\t<\/div>\n\t\t\t\t<\/div>\n\t\t\t\t\t<\/div>\n\t\t\t\t<\/div>\n\t\t<div class=\"elementor-element elementor-element-b6b9b4f e-flex e-con-boxed e-con e-parent\" data-id=\"b6b9b4f\" data-element_type=\"container\" data-e-type=\"container\" id=\"enjeux\" data-settings=\"{&quot;background_background&quot;:&quot;classic&quot;,&quot;jet_parallax_layout_list&quot;:[]}\">\n\t\t\t\t\t<div class=\"e-con-inner\">\n\t\t<div class=\"elementor-element elementor-element-088f1d8 e-con-full e-flex e-con e-child\" data-id=\"088f1d8\" data-element_type=\"container\" data-e-type=\"container\" data-settings=\"{&quot;jet_parallax_layout_list&quot;:[]}\">\n\t\t\t\t<div class=\"elementor-element elementor-element-8c52ec6 elementor-widget__width-auto elementor-widget-mobile__width-initial elementor-widget elementor-widget-heading\" data-id=\"8c52ec6\" data-element_type=\"widget\" data-e-type=\"widget\" data-widget_type=\"heading.default\">\n\t\t\t\t<div class=\"elementor-widget-container\">\n\t\t\t\t\t<h2 class=\"elementor-heading-title elementor-size-default\">Notre impact<\/h2>\t\t\t\t<\/div>\n\t\t\t\t<\/div>\n\t\t<div class=\"elementor-element elementor-element-2b35135 e-con-full e-flex e-con e-child\" data-id=\"2b35135\" data-element_type=\"container\" data-e-type=\"container\" data-settings=\"{&quot;jet_parallax_layout_list&quot;:[]}\">\n\t\t\t\t<div class=\"elementor-element elementor-element-ef2a149 elementor-widget__width-initial elementor-view-default elementor-position-block-start elementor-mobile-position-block-start elementor-widget elementor-widget-icon-box\" data-id=\"ef2a149\" data-element_type=\"widget\" data-e-type=\"widget\" data-widget_type=\"icon-box.default\">\n\t\t\t\t<div class=\"elementor-widget-container\">\n\t\t\t\t\t\t\t<div class=\"elementor-icon-box-wrapper\">\n\n\t\t\t\t\t\t<div class=\"elementor-icon-box-icon\">\n\t\t\t\t<span  class=\"elementor-icon elementor-animation-shrink\">\n\t\t\t\t<svg xmlns=\"http:\/\/www.w3.org\/2000\/svg\" width=\"98\" height=\"66\" viewBox=\"0 0 98 66\" fill=\"none\"><path d=\"M89.7003 65.4527H8.32031V19.9727H12.2903V61.4827H85.7403V19.9727H89.7003V65.4527Z\" fill=\"white\"><\/path><path d=\"M51.0003 18.793H47.0303V59.293H51.0003V18.793Z\" fill=\"#24FF72\"><\/path><path d=\"M9.97 21.0338C4.47 21.0338 0 16.5638 0 11.0638C0 5.56375 4.47 1.09375 9.97 1.09375C15.47 1.09375 19.94 5.56375 19.94 11.0638C19.94 16.5638 15.47 21.0338 9.97 21.0338ZM9.97 4.26373C6.22 4.26373 3.17 7.31375 3.17 11.0638C3.17 14.8138 6.22 17.8637 9.97 17.8637C13.72 17.8637 16.77 14.8138 16.77 11.0638C16.77 7.31375 13.72 4.26373 9.97 4.26373V4.26373Z\" fill=\"white\"><\/path><path d=\"M49.01 20.1119C43.51 20.1119 39.04 15.6419 39.04 10.1419C39.04 4.64188 43.51 0.171875 49.01 0.171875C54.51 0.171875 58.98 4.64188 58.98 10.1419C58.98 15.6419 54.51 20.1119 49.01 20.1119ZM49.01 3.34189C45.26 3.34189 42.21 6.39188 42.21 10.1419C42.21 13.8919 45.26 16.9419 49.01 16.9419C52.76 16.9419 55.81 13.8919 55.81 10.1419C55.81 6.39188 52.76 3.34189 49.01 3.34189Z\" fill=\"#24FF72\"><\/path><path d=\"M87.5198 21.0338C82.0198 21.0338 77.5498 16.5638 77.5498 11.0638C77.5498 5.56375 82.0198 1.09375 87.5198 1.09375C93.0198 1.09375 97.4898 5.56375 97.4898 11.0638C97.4898 16.5638 93.0198 21.0338 87.5198 21.0338ZM87.5198 4.26373C83.7698 4.26373 80.7198 7.31375 80.7198 11.0638C80.7198 14.8138 83.7698 17.8637 87.5198 17.8637C91.2698 17.8637 94.3198 14.8138 94.3198 11.0638C94.3198 7.31375 91.2698 4.26373 87.5198 4.26373Z\" fill=\"white\"><\/path><path d=\"M78.9302 35.6503C78.9302 35.6503 78.9302 35.6403 78.9302 35.6303L78.9102 35.6503C70.9402 33.7903 62.2302 35.9703 56.0202 42.1703C49.8102 48.3703 47.6402 57.0903 49.5002 65.0603L49.4802 65.0803C49.4802 65.0803 49.4902 65.0803 49.5002 65.0803C49.5002 65.0803 49.5002 65.0903 49.5002 65.1003L49.5202 65.0803C57.4802 66.9403 66.2002 64.7603 72.4102 58.5603C78.6202 52.3503 80.7902 43.6403 78.9302 35.6703L78.9502 35.6503C78.9502 35.6503 78.9402 35.6503 78.9302 35.6503V35.6503Z\" fill=\"#CEC9C3\"><\/path><path d=\"M19.09 35.6503C19.09 35.6503 19.09 35.6403 19.09 35.6303L19.11 35.6503C27.08 33.7903 35.79 35.9703 42 42.1703C48.21 48.3803 50.38 57.0903 48.52 65.0603L48.54 65.0803C48.54 65.0803 48.53 65.0803 48.52 65.0803C48.52 65.0803 48.52 65.0903 48.52 65.1003L48.5 65.0803C40.54 66.9403 31.82 64.7603 25.61 58.5603C19.4 52.3503 17.23 43.6403 19.09 35.6703L19.07 35.6503C19.07 35.6503 19.08 35.6503 19.09 35.6503V35.6503Z\" fill=\"#CEC9C3\"><\/path><path d=\"M42.2996 65.7384L55.1196 65.7184L55.3496 61.1484L42.1396 61.5584L42.2996 65.7384Z\" fill=\"#CEC9C3\"><\/path><\/svg>\t\t\t\t<\/span>\n\t\t\t<\/div>\n\t\t\t\n\t\t\t\t\t\t<div class=\"elementor-icon-box-content\">\n\n\t\t\t\t\t\t\t\t\t<p class=\"elementor-icon-box-title\">\n\t\t\t\t\t\t<span  >\n\t\t\t\t\t\t\tAugmenter la surface de terres b\u00e9n\u00e9ficiant de solutions en faveur de la transition\t\t\t\t\t\t<\/span>\n\t\t\t\t\t<\/p>\n\t\t\t\t\n\t\t\t\t\t\t\t\t\t<p class=\"elementor-icon-box-description\">\n\t\t\t\t\t\tm2 ou ha de surfaces couvertes par les solutions d\u00e9velopp\u00e9es par nos start-ups pour rendre l'agriculture plus durable\t\t\t\t\t<\/p>\n\t\t\t\t\n\t\t\t<\/div>\n\t\t\t\n\t\t<\/div>\n\t\t\t\t\t\t<\/div>\n\t\t\t\t<\/div>\n\t\t\t\t<div class=\"elementor-element elementor-element-312758b elementor-widget__width-initial elementor-view-default elementor-position-block-start elementor-mobile-position-block-start elementor-widget elementor-widget-icon-box\" data-id=\"312758b\" data-element_type=\"widget\" data-e-type=\"widget\" data-widget_type=\"icon-box.default\">\n\t\t\t\t<div class=\"elementor-widget-container\">\n\t\t\t\t\t\t\t<div class=\"elementor-icon-box-wrapper\">\n\n\t\t\t\t\t\t<div class=\"elementor-icon-box-icon\">\n\t\t\t\t<span  class=\"elementor-icon elementor-animation-shrink\">\n\t\t\t\t<svg xmlns=\"http:\/\/www.w3.org\/2000\/svg\" width=\"75\" height=\"73\" viewBox=\"0 0 75 73\" fill=\"none\"><path fill-rule=\"evenodd\" clip-rule=\"evenodd\" d=\"M18.3796 19.4755C18.3796 19.5105 18.3816 19.5455 18.3816 19.5805C8.57859 20.5945 0.933594 28.8795 0.933594 38.9505C0.933594 49.7065 9.65361 58.4265 20.4096 58.4265C28.0546 58.4265 34.6666 54.0185 37.8546 47.6075V0.000488281C27.0986 0.000488281 18.3796 8.71948 18.3796 19.4755Z\" fill=\"#24FF72\"><\/path><path fill-rule=\"evenodd\" clip-rule=\"evenodd\" d=\"M55.2995 58.426C66.0555 58.426 74.7745 49.707 74.7745 38.951C74.7745 28.879 67.1295 20.594 57.3265 19.58C57.3265 19.545 57.3295 19.511 57.3295 19.475C57.3295 8.71999 48.6095 0 37.8545 0V47.608V47.607C41.0415 54.018 47.6535 58.426 55.2995 58.426Z\" fill=\"#CEC9C3\"><\/path><path fill-rule=\"evenodd\" clip-rule=\"evenodd\" d=\"M64.0897 29.438H56.3207C56.0717 36.841 49.8317 42.965 41.5797 44.42V32.686C46.7507 31.265 50.6367 27 51.2077 21.806H47.1837C46.6947 24.904 44.5257 27.479 41.5797 28.69V16.739H34.0227V28.69C31.0767 27.479 28.9067 24.904 28.4177 21.806H24.3937C24.9647 27 28.8507 31.265 34.0227 32.686V44.42C25.7707 42.965 19.5297 36.841 19.2807 29.438H11.5117C11.7387 38.997 19.0037 47.082 29.0777 50.097V72.762H46.5237V50.097C56.5987 47.082 63.8637 38.997 64.0897 29.438Z\" fill=\"#083833\"><\/path><\/svg>\t\t\t\t<\/span>\n\t\t\t<\/div>\n\t\t\t\n\t\t\t\t\t\t<div class=\"elementor-icon-box-content\">\n\n\t\t\t\t\t\t\t\t\t<p class=\"elementor-icon-box-title\">\n\t\t\t\t\t\t<span  >\n\t\t\t\t\t\t\tR\u00e9duire les \u00e9missions de CO2 de l\u2019agriculture\t\t\t\t\t\t<\/span>\n\t\t\t\t\t<\/p>\n\t\t\t\t\n\t\t\t\t\t\t\t\t\t<p class=\"elementor-icon-box-description\">\n\t\t\t\t\t\tt CO2eq \u00e9vit\u00e9es\t\t\t\t\t<\/p>\n\t\t\t\t\n\t\t\t<\/div>\n\t\t\t\n\t\t<\/div>\n\t\t\t\t\t\t<\/div>\n\t\t\t\t<\/div>\n\t\t\t\t<div class=\"elementor-element elementor-element-4c88bff elementor-widget__width-initial elementor-view-default elementor-position-block-start elementor-mobile-position-block-start elementor-widget elementor-widget-icon-box\" data-id=\"4c88bff\" data-element_type=\"widget\" data-e-type=\"widget\" data-widget_type=\"icon-box.default\">\n\t\t\t\t<div class=\"elementor-widget-container\">\n\t\t\t\t\t\t\t<div class=\"elementor-icon-box-wrapper\">\n\n\t\t\t\t\t\t<div class=\"elementor-icon-box-icon\">\n\t\t\t\t<span  class=\"elementor-icon elementor-animation-shrink\">\n\t\t\t\t<svg xmlns=\"http:\/\/www.w3.org\/2000\/svg\" width=\"91\" height=\"56\" viewBox=\"0 0 91 56\" fill=\"none\"><path fill-rule=\"evenodd\" clip-rule=\"evenodd\" d=\"M13.6328 55.8334H19.8808V32.1934H13.6328V55.8334Z\" fill=\"#CEC9C3\"><\/path><path fill-rule=\"evenodd\" clip-rule=\"evenodd\" d=\"M23.9121 55.8334H30.1601V32.1934H23.9121V55.8334Z\" fill=\"#CEC9C3\"><\/path><path fill-rule=\"evenodd\" clip-rule=\"evenodd\" d=\"M26.8348 13.1454V5.28444C26.8348 2.55744 24.6238 0.346436 21.8968 0.346436C19.1698 0.346436 16.9578 2.55744 16.9578 5.28444V13.1454H13.6328V32.7974H30.1608V13.1454H26.8348Z\" fill=\"#24FF72\"><\/path><path fill-rule=\"evenodd\" clip-rule=\"evenodd\" d=\"M37.3154 55.8334H43.5635V32.1934H37.3154V55.8334Z\" fill=\"#24FF72\"><\/path><path fill-rule=\"evenodd\" clip-rule=\"evenodd\" d=\"M47.5957 55.8334H53.8437V32.1934H47.5957V55.8334Z\" fill=\"#24FF72\"><\/path><path fill-rule=\"evenodd\" clip-rule=\"evenodd\" d=\"M30.1592 20.2123H60.9982V13.1453H30.1592V20.2123Z\" fill=\"#CEC9C3\"><\/path><path fill-rule=\"evenodd\" clip-rule=\"evenodd\" d=\"M50.5175 13.1454V5.28444C50.5175 2.55744 48.3064 0.346436 45.5794 0.346436C42.8524 0.346436 40.6404 2.55744 40.6404 5.28444V13.1454H37.3154V32.7974H53.8434V13.1454H50.5175Z\" fill=\"#CEC9C3\"><\/path><path fill-rule=\"evenodd\" clip-rule=\"evenodd\" d=\"M61 55.8334H67.248V32.1934H61V55.8334Z\" fill=\"#24FF72\"><\/path><path fill-rule=\"evenodd\" clip-rule=\"evenodd\" d=\"M71.2783 55.8334H77.5263V32.1934H71.2783V55.8334Z\" fill=\"#24FF72\"><\/path><path fill-rule=\"evenodd\" clip-rule=\"evenodd\" d=\"M74.201 13.1454V5.28444C74.201 2.55744 71.99 0.346436 69.263 0.346436C66.536 0.346436 64.324 2.55744 64.324 5.28444V13.1454H60.999V32.7974H77.527V13.1454H74.201Z\" fill=\"#24FF72\"><\/path><path fill-rule=\"evenodd\" clip-rule=\"evenodd\" d=\"M90.4754 6.79639H82.9394C82.0664 9.42839 80.1164 11.6704 77.5264 13.1664V20.2124C84.1924 18.0064 89.1934 12.9514 90.4754 6.79639Z\" fill=\"#24FF72\"><\/path><path fill-rule=\"evenodd\" clip-rule=\"evenodd\" d=\"M8.22052 6.79639H0.68457C1.96657 12.9514 6.96657 18.0064 13.6326 20.2124V13.1664C11.0426 11.6704 9.09252 9.42839 8.22052 6.79639Z\" fill=\"#24FF72\"><\/path><\/svg>\t\t\t\t<\/span>\n\t\t\t<\/div>\n\t\t\t\n\t\t\t\t\t\t<div class=\"elementor-icon-box-content\">\n\n\t\t\t\t\t\t\t\t\t<p class=\"elementor-icon-box-title\">\n\t\t\t\t\t\t<span  >\n\t\t\t\t\t\t\tContribuer \u00e0 l'augmentation du revenu des agriculteurs\t\t\t\t\t\t<\/span>\n\t\t\t\t\t<\/p>\n\t\t\t\t\n\t\t\t\t\t\t\t\t\t<p class=\"elementor-icon-box-description\">\n\t\t\t\t\t\t\u20ac \u00e9conomis\u00e9s ou \u20ac suppl\u00e9mentaires g\u00e9n\u00e9r\u00e9s gr\u00e2ce \u00e0 l\u2019utilisation des solutions de nos start-ups\t\t\t\t\t<\/p>\n\t\t\t\t\n\t\t\t<\/div>\n\t\t\t\n\t\t<\/div>\n\t\t\t\t\t\t<\/div>\n\t\t\t\t<\/div>\n\t\t\t\t<\/div>\n\t\t\t\t<\/div>\n\t\t\t\t\t<\/div>\n\t\t\t\t<\/div>\n\t\t<div class=\"elementor-element elementor-element-000c5c5 e-flex e-con-boxed e-con e-child\" data-id=\"000c5c5\" data-element_type=\"container\" data-e-type=\"container\" data-settings=\"{&quot;jet_parallax_layout_list&quot;:[],&quot;background_background&quot;:&quot;classic&quot;,&quot;background_motion_fx_motion_fx_scrolling&quot;:&quot;yes&quot;,&quot;background_motion_fx_translateY_effect&quot;:&quot;yes&quot;,&quot;background_motion_fx_translateY_speed&quot;:{&quot;unit&quot;:&quot;px&quot;,&quot;size&quot;:4,&quot;sizes&quot;:[]},&quot;background_motion_fx_translateY_affectedRange&quot;:{&quot;unit&quot;:&quot;%&quot;,&quot;size&quot;:&quot;&quot;,&quot;sizes&quot;:{&quot;start&quot;:0,&quot;end&quot;:100}},&quot;background_motion_fx_devices&quot;:[&quot;desktop&quot;,&quot;tablet&quot;,&quot;mobile&quot;]}\">\n\t\t\t\t\t<div class=\"e-con-inner\">\n\t\t\t\t<div class=\"elementor-element elementor-element-e62a3ac elementor-widget__width-auto elementor-widget elementor-widget-heading\" data-id=\"e62a3ac\" data-element_type=\"widget\" data-e-type=\"widget\" data-widget_type=\"heading.default\">\n\t\t\t\t<div class=\"elementor-widget-container\">\n\t\t\t\t\t<h2 class=\"elementor-heading-title elementor-size-default\">Notre mission<\/h2>\t\t\t\t<\/div>\n\t\t\t\t<\/div>\n\t\t\t\t<div class=\"elementor-element elementor-element-97c3dad elementor-widget elementor-widget-jet-horizontal-timeline\" data-id=\"97c3dad\" data-element_type=\"widget\" data-e-type=\"widget\" data-settings=\"{&quot;columns&quot;:3,&quot;columns_tablet&quot;:2,&quot;columns_mobile&quot;:1}\" data-widget_type=\"jet-horizontal-timeline.default\">\n\t\t\t\t<div class=\"elementor-widget-container\">\n\t\t\t\t\t<div class=\"elementor-jet-horizontal-timeline jet-elements\">\n<div class=\"jet-hor-timeline jet-hor-timeline--layout-top jet-hor-timeline--align-left jet-hor-timeline--scroll-bar\">\n\t<div class=\"jet-hor-timeline-inner\">\n\t\t<div class=\"jet-hor-timeline-track\">\n\t\t\t<div class=\"jet-hor-timeline-list jet-hor-timeline-list--top\">\n<div class=\"jet-hor-timeline-item elementor-repeater-item-bc40c5d is-active\" data-item-id=\"bc40c5d\">\n\t\t\t\n<div class=\"jet-hor-timeline-item__card\">\n\t<div class=\"jet-hor-timeline-item__card-inner\">\n\t\t<div class=\"jet-hor-timeline-item__card-desc\">Accompagner les start-ups et projets agricoles vers une meilleure compr\u00e9hension, mesure et valorisation de leur impact positif.<br><br><\/div>\t<\/div>\n\t\t\t<div class=\"jet-hor-timeline-item__card-arrow\"><\/div>\n\t<\/div>\n\t<\/div>\n\n<div class=\"jet-hor-timeline-item elementor-repeater-item-70712ab\" data-item-id=\"70712ab\">\n\t\t\t\n<div class=\"jet-hor-timeline-item__card\">\n\t<div class=\"jet-hor-timeline-item__card-inner\">\n\t\t<div class=\"jet-hor-timeline-item__card-desc\">Concevoir des mod\u00e8les \u00e9conomiques et des m\u00e9thodologies innovantes pour soutenir la durabilit\u00e9 du secteur agricole.<br><br><\/div>\t<\/div>\n\t\t\t<div class=\"jet-hor-timeline-item__card-arrow\"><\/div>\n\t<\/div>\n\t<\/div>\n\n<div class=\"jet-hor-timeline-item elementor-repeater-item-f976886\" data-item-id=\"f976886\">\n\t\t\t\n<div class=\"jet-hor-timeline-item__card\">\n\t<div class=\"jet-hor-timeline-item__card-inner\">\n\t\t<div class=\"jet-hor-timeline-item__card-desc\">Am\u00e9liorer le bien-\u00eatre des agriculteurs \u00e0 travers un accompagnement holistique.<br><br><br><\/div>\t<\/div>\n\t\t\t<div class=\"jet-hor-timeline-item__card-arrow\"><\/div>\n\t<\/div>\n\t<\/div>\n<\/div>\t\t\t<div class=\"jet-hor-timeline-list jet-hor-timeline-list--middle\">\n\t<div class=\"jet-hor-timeline__line\"><\/div>\n\n<div class=\"jet-hor-timeline-item elementor-repeater-item-bc40c5d is-active\" data-item-id=\"bc40c5d\">\n\t<div class=\"jet-hor-timeline-item__point\"><div class=\"jet-hor-timeline-item__point-content\">1<\/div><\/div><\/div>\n\n<div class=\"jet-hor-timeline-item elementor-repeater-item-70712ab\" data-item-id=\"70712ab\">\n\t<div class=\"jet-hor-timeline-item__point\"><div class=\"jet-hor-timeline-item__point-content\">2<\/div><\/div><\/div>\n\n<div class=\"jet-hor-timeline-item elementor-repeater-item-f976886\" data-item-id=\"f976886\">\n\t<div class=\"jet-hor-timeline-item__point\"><div class=\"jet-hor-timeline-item__point-content\">3<\/div><\/div><\/div>\n<\/div>\t\t\t<div class=\"jet-hor-timeline-list jet-hor-timeline-list--bottom\">\n<div class=\"jet-hor-timeline-item elementor-repeater-item-bc40c5d is-active\" data-item-id=\"bc40c5d\">\n\t\t\t\t<\/div>\n\n<div class=\"jet-hor-timeline-item elementor-repeater-item-70712ab\" data-item-id=\"70712ab\">\n\t\t\t\t<\/div>\n\n<div class=\"jet-hor-timeline-item elementor-repeater-item-f976886\" data-item-id=\"f976886\">\n\t\t\t\t<\/div>\n<\/div>\t\t<\/div>\n\t<\/div>\n\t<\/div><\/div>\t\t\t\t<\/div>\n\t\t\t\t<\/div>\n\t\t\t\t\t<\/div>\n\t\t\t\t<\/div>\n\t\t<div class=\"elementor-element elementor-element-5e124e8 e-flex e-con-boxed e-con e-parent\" data-id=\"5e124e8\" data-element_type=\"container\" data-e-type=\"container\" data-settings=\"{&quot;jet_parallax_layout_list&quot;:[]}\">\n\t\t\t\t\t<div class=\"e-con-inner\">\n\t\t\t\t\t<\/div>\n\t\t\t\t<\/div>\n\t\t\t\t<\/div>\n\t\t","protected":false},"excerpt":{"rendered":"<p>Les missions Agrilife Studio R\u00e9pondre aux enjeux majeurs de la transition agro-\u00e9cologique et mieux nourrir la plan\u00e8te en cr\u00e9ant avec vous des start-ups \u00e0 impact La vision AgriLife T\u00e9l\u00e9charger la documentation Nous sommes engag\u00e9s dans un futur agricole plus soutenable, pour les cultures, les consommateurs et les producteurs agricoles.\u00a0 Cela n\u00e9cessite de porter une attention [&hellip;]<\/p>\n","protected":false},"author":9,"featured_media":1576,"parent":0,"menu_order":9,"comment_status":"closed","ping_status":"closed","template":"","meta":{"_acf_changed":false,"footnotes":""},"class_list":["post-3066","page","type-page","status-publish","has-post-thumbnail","hentry"],"acf":[],"_links":{"self":[{"href":"https:\/\/agrilifestudio.com\/en\/wp-json\/wp\/v2\/pages\/3066","targetHints":{"allow":["GET"]}}],"collection":[{"href":"https:\/\/agrilifestudio.com\/en\/wp-json\/wp\/v2\/pages"}],"about":[{"href":"https:\/\/agrilifestudio.com\/en\/wp-json\/wp\/v2\/types\/page"}],"author":[{"embeddable":true,"href":"https:\/\/agrilifestudio.com\/en\/wp-json\/wp\/v2\/users\/9"}],"replies":[{"embeddable":true,"href":"https:\/\/agrilifestudio.com\/en\/wp-json\/wp\/v2\/comments?post=3066"}],"version-history":[{"count":1,"href":"https:\/\/agrilifestudio.com\/en\/wp-json\/wp\/v2\/pages\/3066\/revisions"}],"predecessor-version":[{"id":4216,"href":"https:\/\/agrilifestudio.com\/en\/wp-json\/wp\/v2\/pages\/3066\/revisions\/4216"}],"wp:featuredmedia":[{"embeddable":true,"href":"https:\/\/agrilifestudio.com\/en\/wp-json\/wp\/v2\/media\/1576"}],"wp:attachment":[{"href":"https:\/\/agrilifestudio.com\/en\/wp-json\/wp\/v2\/media?parent=3066"}],"curies":[{"name":"wp","href":"https:\/\/api.w.org\/{rel}","templated":true}]}}