{"id":2972,"date":"2024-09-27T13:24:23","date_gmt":"2024-09-27T13:24:23","guid":{"rendered":"https:\/\/agrilifestudio.com\/?page_id=2972"},"modified":"2026-03-18T15:57:26","modified_gmt":"2026-03-18T15:57:26","slug":"start-up","status":"publish","type":"page","link":"https:\/\/agrilifestudio.com\/en\/start-up\/","title":{"rendered":"Our Start-ups"},"content":{"rendered":"\t\t<div data-elementor-type=\"wp-page\" data-elementor-id=\"2972\" class=\"elementor elementor-2972\" data-elementor-post-type=\"page\">\n\t\t\t\t<div class=\"elementor-element elementor-element-4d25493 e-flex e-con-boxed e-con e-parent\" data-id=\"4d25493\" data-element_type=\"container\" data-e-type=\"container\" data-settings=\"{&quot;background_background&quot;:&quot;classic&quot;,&quot;jet_parallax_layout_list&quot;:[]}\">\n\t\t\t\t\t<div class=\"e-con-inner\">\n\t\t\t\t<div class=\"elementor-element elementor-element-bcca2ad elementor-widget elementor-widget-heading\" data-id=\"bcca2ad\" data-element_type=\"widget\" data-e-type=\"widget\" data-widget_type=\"heading.default\">\n\t\t\t\t<div class=\"elementor-widget-container\">\n\t\t\t\t\t<h1 class=\"elementor-heading-title elementor-size-default\">Nos Start-ups<\/h1>\t\t\t\t<\/div>\n\t\t\t\t<\/div>\n\t\t\t\t\t<\/div>\n\t\t\t\t<\/div>\n\t\t<div class=\"elementor-element elementor-element-5d0f4fc e-flex e-con-boxed e-con e-parent\" data-id=\"5d0f4fc\" data-element_type=\"container\" data-e-type=\"container\" data-settings=\"{&quot;jet_parallax_layout_list&quot;:[]}\">\n\t\t\t\t\t<div class=\"e-con-inner\">\n\t\t<div class=\"elementor-element elementor-element-41d9b33 e-con-full e-flex e-con e-child\" data-id=\"41d9b33\" data-element_type=\"container\" data-e-type=\"container\" data-settings=\"{&quot;jet_parallax_layout_list&quot;:[]}\">\n\t\t\t\t<\/div>\n\t\t\t\t\t<\/div>\n\t\t\t\t<\/div>\n\t\t<div class=\"elementor-element elementor-element-9a7aa2e e-flex e-con-boxed e-con e-parent\" data-id=\"9a7aa2e\" data-element_type=\"container\" data-e-type=\"container\" data-settings=\"{&quot;jet_parallax_layout_list&quot;:[]}\">\n\t\t\t\t\t<div class=\"e-con-inner\">\n\t\t<div class=\"elementor-element elementor-element-2565807 e-con-full e-flex e-con e-child\" data-id=\"2565807\" data-element_type=\"container\" data-e-type=\"container\" data-settings=\"{&quot;jet_parallax_layout_list&quot;:[]}\">\n\t\t\t\t<div class=\"elementor-element elementor-element-b76af6a elementor-widget__width-initial elementor-widget elementor-widget-image\" data-id=\"b76af6a\" data-element_type=\"widget\" data-e-type=\"widget\" data-widget_type=\"image.default\">\n\t\t\t\t<div class=\"elementor-widget-container\">\n\t\t\t\t\t\t\t\t\t\t\t\t\t\t\t<img fetchpriority=\"high\" decoding=\"async\" width=\"686\" height=\"688\" src=\"https:\/\/agrilifestudio.com\/wp-content\/uploads\/2025\/03\/Capture-decran-2025-03-10-102440-1.png\" class=\"attachment-large size-large wp-image-3833\" alt=\"\" srcset=\"https:\/\/agrilifestudio.com\/wp-content\/uploads\/2025\/03\/Capture-decran-2025-03-10-102440-1.png 686w, https:\/\/agrilifestudio.com\/wp-content\/uploads\/2025\/03\/Capture-decran-2025-03-10-102440-1-300x300.png 300w, https:\/\/agrilifestudio.com\/wp-content\/uploads\/2025\/03\/Capture-decran-2025-03-10-102440-1-150x150.png 150w, https:\/\/agrilifestudio.com\/wp-content\/uploads\/2025\/03\/Capture-decran-2025-03-10-102440-1-12x12.png 12w\" sizes=\"(max-width: 686px) 100vw, 686px\" \/>\t\t\t\t\t\t\t\t\t\t\t\t\t\t\t<\/div>\n\t\t\t\t<\/div>\n\t\t\t\t<\/div>\n\t\t<div class=\"elementor-element elementor-element-898bae6 e-con-full e-flex e-con e-child\" data-id=\"898bae6\" data-element_type=\"container\" data-e-type=\"container\" data-settings=\"{&quot;jet_parallax_layout_list&quot;:[]}\">\n\t\t<div class=\"elementor-element elementor-element-53b60bf e-con-full e-flex e-con e-child\" data-id=\"53b60bf\" data-element_type=\"container\" data-e-type=\"container\" data-settings=\"{&quot;jet_parallax_layout_list&quot;:[]}\">\n\t\t\t\t<div class=\"elementor-element elementor-element-a65a192 elementor-widget__width-initial elementor-widget elementor-widget-heading\" data-id=\"a65a192\" data-element_type=\"widget\" data-e-type=\"widget\" data-widget_type=\"heading.default\">\n\t\t\t\t<div class=\"elementor-widget-container\">\n\t\t\t\t\t<h2 class=\"elementor-heading-title elementor-size-default\">Surus Connect am\u00e9liore la s\u00e9curit\u00e9 des professionnels agricoles gr\u00e2ce \u00e0 une solution num\u00e9rique connectant les hommes et les machines.\nFace aux 70 000 accidents annuels en France et aux exigences r\u00e9glementaires croissantes, notre technologie aide \u00e0 pr\u00e9venir les risques, prot\u00e9ger les travailleurs et s\u00e9curiser les entreprises, tout en s\u2019int\u00e9grant facilement dans le quotidien des exploitations<\/h2>\t\t\t\t<\/div>\n\t\t\t\t<\/div>\n\t\t\t\t<\/div>\n\t\t<div class=\"elementor-element elementor-element-7e550f4 e-con-full e-flex e-con e-child\" data-id=\"7e550f4\" data-element_type=\"container\" data-e-type=\"container\" data-settings=\"{&quot;jet_parallax_layout_list&quot;:[]}\">\n\t\t\t\t<div class=\"elementor-element elementor-element-8ef4601 elementor-widget elementor-widget-button\" data-id=\"8ef4601\" data-element_type=\"widget\" data-e-type=\"widget\" data-widget_type=\"button.default\">\n\t\t\t\t<div class=\"elementor-widget-container\">\n\t\t\t\t\t\t\t\t\t<div class=\"elementor-button-wrapper\">\n\t\t\t\t\t<a class=\"elementor-button elementor-button-link elementor-size-sm\" href=\"https:\/\/surus-connect.com\/\" target=\"_blank\" rel=\"noopener\">\n\t\t\t\t\t\t<span class=\"elementor-button-content-wrapper\">\n\t\t\t\t\t\t\t\t\t<span class=\"elementor-button-text\">En savoir plus<\/span>\n\t\t\t\t\t<\/span>\n\t\t\t\t\t<\/a>\n\t\t\t\t<\/div>\n\t\t\t\t\t\t\t\t<\/div>\n\t\t\t\t<\/div>\n\t\t\t\t<\/div>\n\t\t\t\t<\/div>\n\t\t\t\t\t<\/div>\n\t\t\t\t<\/div>\n\t\t<div class=\"elementor-element elementor-element-e67e6dd e-flex e-con-boxed e-con e-parent\" data-id=\"e67e6dd\" data-element_type=\"container\" data-e-type=\"container\" data-settings=\"{&quot;jet_parallax_layout_list&quot;:[]}\">\n\t\t\t\t\t<div class=\"e-con-inner\">\n\t\t<div class=\"elementor-element elementor-element-e4b9ee8 e-con-full e-flex e-con e-child\" data-id=\"e4b9ee8\" data-element_type=\"container\" data-e-type=\"container\" data-settings=\"{&quot;jet_parallax_layout_list&quot;:[]}\">\n\t\t\t\t<div class=\"elementor-element elementor-element-e5e7339 elementor-widget__width-initial elementor-widget elementor-widget-video\" data-id=\"e5e7339\" data-element_type=\"widget\" data-e-type=\"widget\" data-settings=\"{&quot;video_type&quot;:&quot;hosted&quot;,&quot;controls&quot;:&quot;yes&quot;}\" data-widget_type=\"video.default\">\n\t\t\t\t<div class=\"elementor-widget-container\">\n\t\t\t\t\t\t\t<div class=\"e-hosted-video elementor-wrapper elementor-open-inline\">\n\t\t\t\t\t<video class=\"elementor-video\" src=\"http:\/\/agrilifestudio.com\/wp-content\/uploads\/2025\/04\/Video-Surus-court-Fermes-Leader-Cultivons-les-echanges.mp4\" controls=\"\" preload=\"metadata\" controlsList=\"nodownload\"><\/video>\n\t\t\t\t<\/div>\n\t\t\t\t\t\t<\/div>\n\t\t\t\t<\/div>\n\t\t\t\t<\/div>\n\t\t<div class=\"elementor-element elementor-element-2c9f585 e-con-full e-flex e-con e-child\" data-id=\"2c9f585\" data-element_type=\"container\" data-e-type=\"container\" data-settings=\"{&quot;jet_parallax_layout_list&quot;:[]}\">\n\t\t\t\t<div class=\"elementor-element elementor-element-1c73f61 elementor-widget__width-initial elementor-widget elementor-widget-heading\" data-id=\"1c73f61\" data-element_type=\"widget\" data-e-type=\"widget\" data-widget_type=\"heading.default\">\n\t\t\t\t<div class=\"elementor-widget-container\">\n\t\t\t\t\t<h2 class=\"elementor-heading-title elementor-size-default\"><br><br><br><br><br>Eliot Dupr\u00e9 - CTO Fondateur de Surus Connect sur le stand de Fermes Leader au salon de l'agriculture 2025<\/h2>\t\t\t\t<\/div>\n\t\t\t\t<\/div>\n\t\t\t\t<\/div>\n\t\t\t\t\t<\/div>\n\t\t\t\t<\/div>\n\t\t<div class=\"elementor-element elementor-element-f4b4932 e-con-full e-flex e-con e-parent\" data-id=\"f4b4932\" data-element_type=\"container\" data-e-type=\"container\" data-settings=\"{&quot;jet_parallax_layout_list&quot;:[]}\">\n\t\t\t\t<div class=\"elementor-element elementor-element-2e80c80 elementor-widget-divider--view-line elementor-widget elementor-widget-divider\" data-id=\"2e80c80\" data-element_type=\"widget\" data-e-type=\"widget\" data-widget_type=\"divider.default\">\n\t\t\t\t<div class=\"elementor-widget-container\">\n\t\t\t\t\t\t\t<div class=\"elementor-divider\">\n\t\t\t<span class=\"elementor-divider-separator\">\n\t\t\t\t\t\t<\/span>\n\t\t<\/div>\n\t\t\t\t\t\t<\/div>\n\t\t\t\t<\/div>\n\t\t\t\t<\/div>\n\t\t<div class=\"elementor-element elementor-element-2c1779b e-flex e-con-boxed e-con e-parent\" data-id=\"2c1779b\" data-element_type=\"container\" data-e-type=\"container\" data-settings=\"{&quot;jet_parallax_layout_list&quot;:[]}\">\n\t\t\t\t\t<div class=\"e-con-inner\">\n\t\t<div class=\"elementor-element elementor-element-ce2885a e-con-full e-flex e-con e-child\" data-id=\"ce2885a\" data-element_type=\"container\" data-e-type=\"container\" data-settings=\"{&quot;jet_parallax_layout_list&quot;:[]}\">\n\t\t\t\t<div class=\"elementor-element elementor-element-3198238 elementor-widget__width-initial elementor-widget elementor-widget-text-editor\" data-id=\"3198238\" data-element_type=\"widget\" data-e-type=\"widget\" data-widget_type=\"text-editor.default\">\n\t\t\t\t<div class=\"elementor-widget-container\">\n\t\t\t\t\t\t\t\t\t<p class=\"elementor-heading-title elementor-size-default elementor-inline-editing pen\" style=\"font-family: Urbanist, sans-serif; font-weight: 600; line-height: 1.5; color: #083833; font-size: 16px; -webkit-text-stroke-color: #000000; stroke-width: 0px; stroke: #000000; text-align: justify;\" data-elementor-setting-key=\"title\" data-pen-placeholder=\"Type Here...\">Biom Innov d\u00e9veloppe des biosolutions innovantes pour la protection des cultures, en combinant l\u2019holobionte et la nutri-protection. Gr\u00e2ce \u00e0 une s\u00e9lection rigoureuse d\u2019extraits de plantes et une formulation optimis\u00e9e, nous proposons des solutions naturelles \u00e0 faibles risques, adapt\u00e9es aux d\u00e9fis agricoles. Nos produits en application foliaire et en traitement de semences, renforcent la r\u00e9silience des cultures tout en facilitant leur adoption par les agriculteurs.<\/p>\t\t\t\t\t\t\t\t<\/div>\n\t\t\t\t<\/div>\n\t\t\t\t<\/div>\n\t\t<div class=\"elementor-element elementor-element-ec24541 e-con-full e-flex e-con e-child\" data-id=\"ec24541\" data-element_type=\"container\" data-e-type=\"container\" data-settings=\"{&quot;jet_parallax_layout_list&quot;:[]}\">\n\t\t\t\t<div class=\"elementor-element elementor-element-ab295cc elementor-widget__width-initial elementor-widget elementor-widget-image\" data-id=\"ab295cc\" data-element_type=\"widget\" data-e-type=\"widget\" data-widget_type=\"image.default\">\n\t\t\t\t<div class=\"elementor-widget-container\">\n\t\t\t\t\t\t\t\t\t\t\t\t\t\t\t<img decoding=\"async\" width=\"727\" height=\"402\" src=\"https:\/\/agrilifestudio.com\/wp-content\/uploads\/2025\/03\/Capture-decran-2025-03-10-104007.png\" class=\"attachment-large size-large wp-image-3832\" alt=\"\" srcset=\"https:\/\/agrilifestudio.com\/wp-content\/uploads\/2025\/03\/Capture-decran-2025-03-10-104007.png 727w, https:\/\/agrilifestudio.com\/wp-content\/uploads\/2025\/03\/Capture-decran-2025-03-10-104007-300x166.png 300w, https:\/\/agrilifestudio.com\/wp-content\/uploads\/2025\/03\/Capture-decran-2025-03-10-104007-18x10.png 18w\" sizes=\"(max-width: 727px) 100vw, 727px\" \/>\t\t\t\t\t\t\t\t\t\t\t\t\t\t\t<\/div>\n\t\t\t\t<\/div>\n\t\t\t\t<\/div>\n\t\t<div class=\"elementor-element elementor-element-f02897a e-con-full e-flex e-con e-child\" data-id=\"f02897a\" data-element_type=\"container\" data-e-type=\"container\" data-settings=\"{&quot;jet_parallax_layout_list&quot;:[]}\">\n\t\t\t\t<div class=\"elementor-element elementor-element-81b8fd9 elementor-widget elementor-widget-text-editor\" data-id=\"81b8fd9\" data-element_type=\"widget\" data-e-type=\"widget\" data-widget_type=\"text-editor.default\">\n\t\t\t\t<div class=\"elementor-widget-container\">\n\t\t\t\t\t\t\t\t\t<h6 style=\"text-align: center;\">\u00a0<\/h6><h6 style=\"text-align: center;\">\u00a0<\/h6><h6 style=\"text-align: center;\">\u00a0<\/h6><h6 style=\"text-align: center;\">\u00a0<\/h6><h6 style=\"text-align: center;\">\u00a0<\/h6><h6 style=\"text-align: center;\"><strong>Aude Bernardon-Mery &#8211; CEO Biom Innov sur le plateau BFM TV \u00ab\u00a0Le Pitch\u00a0\u00bb le 28 avril 2025<\/strong><\/h6>\t\t\t\t\t\t\t\t<\/div>\n\t\t\t\t<\/div>\n\t\t\t\t<\/div>\n\t\t<div class=\"elementor-element elementor-element-e503b1f e-con-full e-flex e-con e-child\" data-id=\"e503b1f\" data-element_type=\"container\" data-e-type=\"container\" data-settings=\"{&quot;jet_parallax_layout_list&quot;:[]}\">\n\t\t\t\t<div class=\"elementor-element elementor-element-031c46b elementor-widget-tablet__width-initial elementor-widget elementor-widget-button\" data-id=\"031c46b\" data-element_type=\"widget\" data-e-type=\"widget\" data-widget_type=\"button.default\">\n\t\t\t\t<div class=\"elementor-widget-container\">\n\t\t\t\t\t\t\t\t\t<div class=\"elementor-button-wrapper\">\n\t\t\t\t\t<a class=\"elementor-button elementor-button-link elementor-size-sm\" href=\"https:\/\/www.biominnov.fr\/\" target=\"_blank\" rel=\"noopener\">\n\t\t\t\t\t\t<span class=\"elementor-button-content-wrapper\">\n\t\t\t\t\t\t\t\t\t<span class=\"elementor-button-text\">En savoir plus <\/span>\n\t\t\t\t\t<\/span>\n\t\t\t\t\t<\/a>\n\t\t\t\t<\/div>\n\t\t\t\t\t\t\t\t<\/div>\n\t\t\t\t<\/div>\n\t\t\t\t<div class=\"elementor-element elementor-element-5f65c67 elementor-widget elementor-widget-video\" data-id=\"5f65c67\" data-element_type=\"widget\" data-e-type=\"widget\" data-settings=\"{&quot;youtube_url&quot;:&quot;https:\\\/\\\/www.youtube.com\\\/watch?v=u7b_d_8LlYk&quot;,&quot;video_type&quot;:&quot;youtube&quot;,&quot;controls&quot;:&quot;yes&quot;}\" data-widget_type=\"video.default\">\n\t\t\t\t<div class=\"elementor-widget-container\">\n\t\t\t\t\t\t\t<div class=\"elementor-wrapper elementor-open-inline\">\n\t\t\t<div class=\"elementor-video\"><\/div>\t\t<\/div>\n\t\t\t\t\t\t<\/div>\n\t\t\t\t<\/div>\n\t\t\t\t<\/div>\n\t\t\t\t\t<\/div>\n\t\t\t\t<\/div>\n\t\t<div class=\"elementor-element elementor-element-6cf73a9 e-flex e-con-boxed e-con e-parent\" data-id=\"6cf73a9\" data-element_type=\"container\" data-e-type=\"container\" data-settings=\"{&quot;jet_parallax_layout_list&quot;:[]}\">\n\t\t\t\t\t<div class=\"e-con-inner\">\n\t\t\t\t<div class=\"elementor-element elementor-element-96e76da elementor-button-info elementor-align-center elementor-widget elementor-widget-button\" data-id=\"96e76da\" data-element_type=\"widget\" data-e-type=\"widget\" data-widget_type=\"button.default\">\n\t\t\t\t<div class=\"elementor-widget-container\">\n\t\t\t\t\t\t\t\t\t<div class=\"elementor-button-wrapper\">\n\t\t\t\t\t<a class=\"elementor-button elementor-button-link elementor-size-sm\" href=\"https:\/\/drive.google.com\/file\/d\/1ZgUJ1-gkwl5eZHEQhDMkhU7BRj4tpmnC\/view?usp=sharing\" target=\"_blank\" rel=\"noopener\">\n\t\t\t\t\t\t<span class=\"elementor-button-content-wrapper\">\n\t\t\t\t\t\t\t\t\t<span class=\"elementor-button-text\">\ud83d\uddde\ufe0f T\u00e9l\u00e9charger le dossier Presse <\/span>\n\t\t\t\t\t<\/span>\n\t\t\t\t\t<\/a>\n\t\t\t\t<\/div>\n\t\t\t\t\t\t\t\t<\/div>\n\t\t\t\t<\/div>\n\t\t\t\t<div class=\"elementor-element elementor-element-8c887ea elementor-widget-divider--view-line elementor-widget elementor-widget-divider\" data-id=\"8c887ea\" data-element_type=\"widget\" data-e-type=\"widget\" data-widget_type=\"divider.default\">\n\t\t\t\t<div class=\"elementor-widget-container\">\n\t\t\t\t\t\t\t<div class=\"elementor-divider\">\n\t\t\t<span class=\"elementor-divider-separator\">\n\t\t\t\t\t\t<\/span>\n\t\t<\/div>\n\t\t\t\t\t\t<\/div>\n\t\t\t\t<\/div>\n\t\t\t\t\t<\/div>\n\t\t\t\t<\/div>\n\t\t<div class=\"elementor-element elementor-element-8068d9d e-grid e-con-boxed e-con e-parent\" data-id=\"8068d9d\" data-element_type=\"container\" data-e-type=\"container\" data-settings=\"{&quot;jet_parallax_layout_list&quot;:[]}\">\n\t\t\t\t\t<div class=\"e-con-inner\">\n\t\t\t\t<div class=\"elementor-element elementor-element-b1f5cd3 elementor-widget elementor-widget-image\" data-id=\"b1f5cd3\" data-element_type=\"widget\" data-e-type=\"widget\" data-widget_type=\"image.default\">\n\t\t\t\t<div class=\"elementor-widget-container\">\n\t\t\t\t\t\t\t\t\t\t\t\t\t\t\t<img decoding=\"async\" width=\"800\" height=\"278\" src=\"https:\/\/agrilifestudio.com\/wp-content\/uploads\/2026\/03\/Capture-decran-2026-03-18-a-13.33.04.png\" class=\"attachment-large size-large wp-image-4236\" alt=\"\" srcset=\"https:\/\/agrilifestudio.com\/wp-content\/uploads\/2026\/03\/Capture-decran-2026-03-18-a-13.33.04.png 950w, https:\/\/agrilifestudio.com\/wp-content\/uploads\/2026\/03\/Capture-decran-2026-03-18-a-13.33.04-300x104.png 300w, https:\/\/agrilifestudio.com\/wp-content\/uploads\/2026\/03\/Capture-decran-2026-03-18-a-13.33.04-768x267.png 768w, https:\/\/agrilifestudio.com\/wp-content\/uploads\/2026\/03\/Capture-decran-2026-03-18-a-13.33.04-18x6.png 18w\" sizes=\"(max-width: 800px) 100vw, 800px\" \/>\t\t\t\t\t\t\t\t\t\t\t\t\t\t\t<\/div>\n\t\t\t\t<\/div>\n\t\t\t\t<div class=\"elementor-element elementor-element-ff1e9d0 elementor-widget elementor-widget-heading\" data-id=\"ff1e9d0\" data-element_type=\"widget\" data-e-type=\"widget\" data-widget_type=\"heading.default\">\n\t\t\t\t<div class=\"elementor-widget-container\">\n\t\t\t\t\t<h6 class=\"elementor-heading-title elementor-size-default\">Seegenio d\u00e9veloppe une solution d\u2019ovosexage pr\u00e9coce \u00e0 un faible co\u00fbt pour les acteurs de l'industrie volaill\u00e8re. Gr\u00e2ce \u00e0 une technologie brevet\u00e9e de d\u00e9tection optique et d'analyse par IA, le genre des embryons est identifi\u00e9 d\u00e8s le 4\u00e8me jour d\u2019incubation. Ainsi la solution permet d'am\u00e9liorer durablement les pratiques de l\u2019accouvage et impacte positivement l\u2019empreinte environnementale par l\u2019arr\u00eat de la production de d\u00e9chets.<\/h6>\t\t\t\t<\/div>\n\t\t\t\t<\/div>\n\t\t\t\t\t<\/div>\n\t\t\t\t<\/div>\n\t\t<div class=\"elementor-element elementor-element-fc9e5d4 e-flex e-con-boxed e-con e-parent\" data-id=\"fc9e5d4\" data-element_type=\"container\" data-e-type=\"container\" data-settings=\"{&quot;jet_parallax_layout_list&quot;:[{&quot;_id&quot;:&quot;8d72904&quot;,&quot;jet_parallax_layout_image&quot;:{&quot;url&quot;:&quot;&quot;,&quot;id&quot;:&quot;&quot;,&quot;size&quot;:&quot;&quot;},&quot;jet_parallax_layout_image_tablet&quot;:{&quot;url&quot;:&quot;&quot;,&quot;id&quot;:&quot;&quot;,&quot;size&quot;:&quot;&quot;},&quot;jet_parallax_layout_image_mobile&quot;:{&quot;url&quot;:&quot;&quot;,&quot;id&quot;:&quot;&quot;,&quot;size&quot;:&quot;&quot;},&quot;jet_parallax_layout_speed&quot;:{&quot;unit&quot;:&quot;%&quot;,&quot;size&quot;:50,&quot;sizes&quot;:[]},&quot;jet_parallax_layout_type&quot;:&quot;scroll&quot;,&quot;jet_parallax_layout_direction&quot;:&quot;1&quot;,&quot;jet_parallax_layout_fx_direction&quot;:null,&quot;jet_parallax_layout_z_index&quot;:&quot;&quot;,&quot;jet_parallax_layout_bg_x&quot;:50,&quot;jet_parallax_layout_bg_x_tablet&quot;:&quot;&quot;,&quot;jet_parallax_layout_bg_x_mobile&quot;:&quot;&quot;,&quot;jet_parallax_layout_bg_y&quot;:50,&quot;jet_parallax_layout_bg_y_tablet&quot;:&quot;&quot;,&quot;jet_parallax_layout_bg_y_mobile&quot;:&quot;&quot;,&quot;jet_parallax_layout_bg_size&quot;:&quot;auto&quot;,&quot;jet_parallax_layout_bg_size_tablet&quot;:&quot;&quot;,&quot;jet_parallax_layout_bg_size_mobile&quot;:&quot;&quot;,&quot;jet_parallax_layout_animation_prop&quot;:&quot;transform&quot;,&quot;jet_parallax_layout_on&quot;:[&quot;desktop&quot;,&quot;tablet&quot;]}]}\">\n\t\t\t\t\t<div class=\"e-con-inner\">\n\t\t\t\t<div class=\"elementor-element elementor-element-6baef31 elementor-align-right elementor-widget elementor-widget-button\" data-id=\"6baef31\" data-element_type=\"widget\" data-e-type=\"widget\" data-widget_type=\"button.default\">\n\t\t\t\t<div class=\"elementor-widget-container\">\n\t\t\t\t\t\t\t\t\t<div class=\"elementor-button-wrapper\">\n\t\t\t\t\t<a class=\"elementor-button elementor-button-link elementor-size-sm\" href=\"https:\/\/seegenio.com\/\" target=\"_blank\" rel=\"noopener\">\n\t\t\t\t\t\t<span class=\"elementor-button-content-wrapper\">\n\t\t\t\t\t\t\t\t\t<span class=\"elementor-button-text\">En savoir plus <\/span>\n\t\t\t\t\t<\/span>\n\t\t\t\t\t<\/a>\n\t\t\t\t<\/div>\n\t\t\t\t\t\t\t\t<\/div>\n\t\t\t\t<\/div>\n\t\t\t\t\t<\/div>\n\t\t\t\t<\/div>\n\t\t<div class=\"elementor-element elementor-element-3840ef0 e-flex e-con-boxed e-con e-parent\" data-id=\"3840ef0\" data-element_type=\"container\" data-e-type=\"container\" data-settings=\"{&quot;jet_parallax_layout_list&quot;:[]}\">\n\t\t\t\t\t<div class=\"e-con-inner\">\n\t\t<div class=\"elementor-element elementor-element-182b2b7 e-con-full e-flex e-con e-child\" data-id=\"182b2b7\" data-element_type=\"container\" data-e-type=\"container\" data-settings=\"{&quot;jet_parallax_layout_list&quot;:[]}\">\n\t\t\t\t<div class=\"elementor-element elementor-element-8cd8031 elementor-widget elementor-widget-heading\" data-id=\"8cd8031\" data-element_type=\"widget\" data-e-type=\"widget\" data-widget_type=\"heading.default\">\n\t\t\t\t<div class=\"elementor-widget-container\">\n\t\t\t\t\t<h6 class=\"elementor-heading-title elementor-size-default\">Romain Devrue - Pr\u00e9sident de Seegenio au Salon International de l'Agriculture de 2026<\/h6>\t\t\t\t<\/div>\n\t\t\t\t<\/div>\n\t\t\t\t<\/div>\n\t\t<div class=\"elementor-element elementor-element-1c5e686 e-con-full e-flex e-con e-child\" data-id=\"1c5e686\" data-element_type=\"container\" data-e-type=\"container\" data-settings=\"{&quot;jet_parallax_layout_list&quot;:[]}\">\n\t\t\t\t<div class=\"elementor-element elementor-element-2b558bd elementor-widget elementor-widget-video\" data-id=\"2b558bd\" data-element_type=\"widget\" data-e-type=\"widget\" data-settings=\"{&quot;video_type&quot;:&quot;hosted&quot;,&quot;controls&quot;:&quot;yes&quot;}\" data-widget_type=\"video.default\">\n\t\t\t\t<div class=\"elementor-widget-container\">\n\t\t\t\t\t\t\t<div class=\"e-hosted-video elementor-wrapper elementor-open-inline\">\n\t\t\t\t\t<video class=\"elementor-video\" src=\"http:\/\/agrilifestudio.com\/wp-content\/uploads\/2026\/03\/Romain-Devrue-Seegenio-SIA-9\uff1a16-Without-Text-2026-02-27-16-35-54.mov\" controls=\"\" preload=\"metadata\" controlsList=\"nodownload\"><\/video>\n\t\t\t\t<\/div>\n\t\t\t\t\t\t<\/div>\n\t\t\t\t<\/div>\n\t\t\t\t<\/div>\n\t\t\t\t\t<\/div>\n\t\t\t\t<\/div>\n\t\t\t\t<\/div>\n\t\t","protected":false},"excerpt":{"rendered":"<p>Nos Start-ups Surus Connect am\u00e9liore la s\u00e9curit\u00e9 des professionnels agricoles gr\u00e2ce \u00e0 une solution num\u00e9rique connectant les hommes et les machines. Face aux 70 000 accidents annuels en France et aux exigences r\u00e9glementaires croissantes, notre technologie aide \u00e0 pr\u00e9venir les risques, prot\u00e9ger les travailleurs et s\u00e9curiser les entreprises, tout en s\u2019int\u00e9grant facilement dans le quotidien [&hellip;]<\/p>\n","protected":false},"author":9,"featured_media":1576,"parent":0,"menu_order":24,"comment_status":"closed","ping_status":"closed","template":"elementor_header_footer","meta":{"_acf_changed":false,"footnotes":""},"class_list":["post-2972","page","type-page","status-publish","has-post-thumbnail","hentry"],"acf":[],"_links":{"self":[{"href":"https:\/\/agrilifestudio.com\/en\/wp-json\/wp\/v2\/pages\/2972","targetHints":{"allow":["GET"]}}],"collection":[{"href":"https:\/\/agrilifestudio.com\/en\/wp-json\/wp\/v2\/pages"}],"about":[{"href":"https:\/\/agrilifestudio.com\/en\/wp-json\/wp\/v2\/types\/page"}],"author":[{"embeddable":true,"href":"https:\/\/agrilifestudio.com\/en\/wp-json\/wp\/v2\/users\/9"}],"replies":[{"embeddable":true,"href":"https:\/\/agrilifestudio.com\/en\/wp-json\/wp\/v2\/comments?post=2972"}],"version-history":[{"count":24,"href":"https:\/\/agrilifestudio.com\/en\/wp-json\/wp\/v2\/pages\/2972\/revisions"}],"predecessor-version":[{"id":4261,"href":"https:\/\/agrilifestudio.com\/en\/wp-json\/wp\/v2\/pages\/2972\/revisions\/4261"}],"wp:featuredmedia":[{"embeddable":true,"href":"https:\/\/agrilifestudio.com\/en\/wp-json\/wp\/v2\/media\/1576"}],"wp:attachment":[{"href":"https:\/\/agrilifestudio.com\/en\/wp-json\/wp\/v2\/media?parent=2972"}],"curies":[{"name":"wp","href":"https:\/\/api.w.org\/{rel}","templated":true}]}}