{"id":2969,"date":"2024-09-27T13:23:52","date_gmt":"2024-09-27T13:23:52","guid":{"rendered":"https:\/\/agrilifestudio.com\/?page_id=2969"},"modified":"2024-11-26T10:19:31","modified_gmt":"2024-11-26T10:19:31","slug":"explorations","status":"publish","type":"page","link":"https:\/\/agrilifestudio.com\/en\/explorations\/","title":{"rendered":"Our Explorations"},"content":{"rendered":"\t\t<div data-elementor-type=\"wp-page\" data-elementor-id=\"2969\" class=\"elementor elementor-2969\" data-elementor-post-type=\"page\">\n\t\t\t\t<div class=\"elementor-element elementor-element-4d25493 e-flex e-con-boxed e-con e-parent\" data-id=\"4d25493\" data-element_type=\"container\" data-e-type=\"container\" data-settings=\"{&quot;background_background&quot;:&quot;classic&quot;,&quot;jet_parallax_layout_list&quot;:[]}\">\n\t\t\t\t\t<div class=\"e-con-inner\">\n\t\t\t\t\t<\/div>\n\t\t\t\t<\/div>\n\t\t<div class=\"elementor-element elementor-element-4f99d96 e-flex e-con-boxed e-con e-parent\" data-id=\"4f99d96\" data-element_type=\"container\" data-e-type=\"container\" data-settings=\"{&quot;jet_parallax_layout_list&quot;:[],&quot;background_background&quot;:&quot;classic&quot;}\">\n\t\t\t\t\t<div class=\"e-con-inner\">\n\t\t\t\t<div class=\"elementor-element elementor-element-0f7cad0 elementor-grid-3 elementor-grid-tablet-2 elementor-grid-mobile-1 elementor-widget elementor-widget-loop-grid\" data-id=\"0f7cad0\" data-element_type=\"widget\" data-e-type=\"widget\" data-settings=\"{&quot;template_id&quot;:2851,&quot;_skin&quot;:&quot;post&quot;,&quot;columns&quot;:&quot;3&quot;,&quot;columns_tablet&quot;:&quot;2&quot;,&quot;columns_mobile&quot;:&quot;1&quot;,&quot;edit_handle_selector&quot;:&quot;[data-elementor-type=\\&quot;loop-item\\&quot;]&quot;,&quot;row_gap&quot;:{&quot;unit&quot;:&quot;px&quot;,&quot;size&quot;:&quot;&quot;,&quot;sizes&quot;:[]},&quot;row_gap_tablet&quot;:{&quot;unit&quot;:&quot;px&quot;,&quot;size&quot;:&quot;&quot;,&quot;sizes&quot;:[]},&quot;row_gap_mobile&quot;:{&quot;unit&quot;:&quot;px&quot;,&quot;size&quot;:&quot;&quot;,&quot;sizes&quot;:[]}}\" data-widget_type=\"loop-grid.post\">\n\t\t\t\t<div class=\"elementor-widget-container\">\n\t\t\t\t\t\t\t<div class=\"elementor-loop-container elementor-grid\" role=\"list\">\n\t\t<style id=\"loop-2851\">.elementor-2851 .elementor-element.elementor-element-01a3a08{--display:flex;--gap:010px 010px;--row-gap:010px;--column-gap:010px;--border-radius:20px 20px 20px 20px;--padding-top:25px;--padding-bottom:25px;--padding-left:25px;--padding-right:25px;}.elementor-2851 .elementor-element.elementor-element-01a3a08:not(.elementor-motion-effects-element-type-background), .elementor-2851 .elementor-element.elementor-element-01a3a08 > .elementor-motion-effects-container > .elementor-motion-effects-layer{background-color:var( --e-global-color-3f6b1ae );}.elementor-widget-image .widget-image-caption{color:var( --e-global-color-text );font-family:var( --e-global-typography-text-font-family ), Sans-serif;font-weight:var( --e-global-typography-text-font-weight );line-height:var( --e-global-typography-text-line-height );}.elementor-2851 .elementor-element.elementor-element-8146759{text-align:start;}.elementor-2851 .elementor-element.elementor-element-8146759 img{width:50%;}.elementor-2851 .elementor-element.elementor-element-8146759 > .elementor-widget-container{padding:0px 0px 30px 0px;}.elementor-widget-heading .elementor-heading-title{font-family:var( --e-global-typography-primary-font-family ), Sans-serif;font-weight:var( --e-global-typography-primary-font-weight );line-height:var( --e-global-typography-primary-line-height );color:var( --e-global-color-primary );}.elementor-2851 .elementor-element.elementor-element-8e5ffdf{text-align:start;}.elementor-2851 .elementor-element.elementor-element-8e5ffdf .elementor-heading-title{font-family:\"Urbanist\", Sans-serif;font-size:24px;font-weight:600;}.elementor-2851 .elementor-element.elementor-element-9ad5d40 .elementor-heading-title{font-family:var( --e-global-typography-secondary-font-family ), Sans-serif;font-weight:var( --e-global-typography-secondary-font-weight );}@media(max-width:1200px){.elementor-widget-image .widget-image-caption{line-height:var( --e-global-typography-text-line-height );}.elementor-2851 .elementor-element.elementor-element-8146759 img{width:60%;}.elementor-widget-heading .elementor-heading-title{line-height:var( --e-global-typography-primary-line-height );}.elementor-2851 .elementor-element.elementor-element-8e5ffdf .elementor-heading-title{font-size:24px;}}@media(max-width:550px){.elementor-widget-image .widget-image-caption{line-height:var( --e-global-typography-text-line-height );}.elementor-widget-heading .elementor-heading-title{line-height:var( --e-global-typography-primary-line-height );}.elementor-2851 .elementor-element.elementor-element-8e5ffdf .elementor-heading-title{font-size:20px;}}<\/style>\t\t<div data-elementor-type=\"loop-item\" data-elementor-id=\"2851\" class=\"elementor elementor-2851 e-loop-item e-loop-item-4090 post-4090 startups type-startups status-publish has-post-thumbnail hentry categorie_membre-projets\" data-elementor-post-type=\"elementor_library\" data-custom-edit-handle=\"1\">\n\t\t\t<a class=\"elementor-element elementor-element-01a3a08 e-flex e-con-boxed e-con e-parent\" data-id=\"01a3a08\" data-element_type=\"container\" data-e-type=\"container\" data-settings=\"{&quot;jet_parallax_layout_list&quot;:[],&quot;background_background&quot;:&quot;classic&quot;}\" href=\"https:\/\/agrilifestudio.com\/en\/startups\/proteines-vegetales-et-fermentation-de-precision\/\">\n\t\t\t\t\t<div class=\"e-con-inner\">\n\t\t\t\t<div class=\"elementor-element elementor-element-8146759 elementor-widget elementor-widget-image\" data-id=\"8146759\" data-element_type=\"widget\" data-e-type=\"widget\" data-widget_type=\"image.default\">\n\t\t\t\t<div class=\"elementor-widget-container\">\n\t\t\t\t\t\t\t\t\t\t\t\t\t\t\t<img fetchpriority=\"high\" decoding=\"async\" width=\"800\" height=\"534\" src=\"https:\/\/agrilifestudio.com\/wp-content\/uploads\/2025\/05\/FoodTrendRadar-Food-PrecisionFermentation-1920x1280-1-1024x683.jpg\" class=\"attachment-large size-large wp-image-4091\" alt=\"\" srcset=\"https:\/\/agrilifestudio.com\/wp-content\/uploads\/2025\/05\/FoodTrendRadar-Food-PrecisionFermentation-1920x1280-1-1024x683.jpg 1024w, https:\/\/agrilifestudio.com\/wp-content\/uploads\/2025\/05\/FoodTrendRadar-Food-PrecisionFermentation-1920x1280-1-300x200.jpg 300w, https:\/\/agrilifestudio.com\/wp-content\/uploads\/2025\/05\/FoodTrendRadar-Food-PrecisionFermentation-1920x1280-1-768x512.jpg 768w, https:\/\/agrilifestudio.com\/wp-content\/uploads\/2025\/05\/FoodTrendRadar-Food-PrecisionFermentation-1920x1280-1-1536x1024.jpg 1536w, https:\/\/agrilifestudio.com\/wp-content\/uploads\/2025\/05\/FoodTrendRadar-Food-PrecisionFermentation-1920x1280-1-18x12.jpg 18w, https:\/\/agrilifestudio.com\/wp-content\/uploads\/2025\/05\/FoodTrendRadar-Food-PrecisionFermentation-1920x1280-1.jpg 1920w\" sizes=\"(max-width: 800px) 100vw, 800px\" \/>\t\t\t\t\t\t\t\t\t\t\t\t\t\t\t<\/div>\n\t\t\t\t<\/div>\n\t\t\t\t<div class=\"elementor-element elementor-element-8e5ffdf elementor-widget elementor-widget-heading\" data-id=\"8e5ffdf\" data-element_type=\"widget\" data-e-type=\"widget\" data-widget_type=\"heading.default\">\n\t\t\t\t<div class=\"elementor-widget-container\">\n\t\t\t\t\t<h2 class=\"elementor-heading-title elementor-size-default\">Des peptides pour r\u00e9pondre aux enjeux agricoles<\/h2>\t\t\t\t<\/div>\n\t\t\t\t<\/div>\n\t\t\t\t<div class=\"elementor-element elementor-element-9ad5d40 elementor-widget elementor-widget-heading\" data-id=\"9ad5d40\" data-element_type=\"widget\" data-e-type=\"widget\" data-widget_type=\"heading.default\">\n\t\t\t\t<div class=\"elementor-widget-container\">\n\t\t\t\t\t<span class=\"elementor-heading-title elementor-size-default\">Identification de peptides gr\u00e2ce \u00e0 l'IA afin de r\u00e9pondre aux cons\u00e9quences du changement climatique sur les cultures<\/span>\t\t\t\t<\/div>\n\t\t\t\t<\/div>\n\t\t\t\t\t<\/div>\n\t\t\t\t<\/a>\n\t\t\t\t<\/div>\n\t\t\t\t<div data-elementor-type=\"loop-item\" data-elementor-id=\"2851\" class=\"elementor elementor-2851 e-loop-item e-loop-item-4075 post-4075 startups type-startups status-publish has-post-thumbnail hentry categorie_membre-projets\" data-elementor-post-type=\"elementor_library\" data-custom-edit-handle=\"1\">\n\t\t\t<a class=\"elementor-element elementor-element-01a3a08 e-flex e-con-boxed e-con e-parent\" data-id=\"01a3a08\" data-element_type=\"container\" data-e-type=\"container\" data-settings=\"{&quot;jet_parallax_layout_list&quot;:[],&quot;background_background&quot;:&quot;classic&quot;}\" href=\"https:\/\/agrilifestudio.com\/en\/startups\/proteines-vegetales\/\">\n\t\t\t\t\t<div class=\"e-con-inner\">\n\t\t\t\t<div class=\"elementor-element elementor-element-8146759 elementor-widget elementor-widget-image\" data-id=\"8146759\" data-element_type=\"widget\" data-e-type=\"widget\" data-widget_type=\"image.default\">\n\t\t\t\t<div class=\"elementor-widget-container\">\n\t\t\t\t\t\t\t\t\t\t\t\t\t\t\t<img decoding=\"async\" width=\"800\" height=\"600\" src=\"https:\/\/agrilifestudio.com\/wp-content\/uploads\/2025\/05\/sans-titre-2023-02-24t200330.718-980x735-1.jpg\" class=\"attachment-large size-large wp-image-4076\" alt=\"\" srcset=\"https:\/\/agrilifestudio.com\/wp-content\/uploads\/2025\/05\/sans-titre-2023-02-24t200330.718-980x735-1.jpg 980w, https:\/\/agrilifestudio.com\/wp-content\/uploads\/2025\/05\/sans-titre-2023-02-24t200330.718-980x735-1-300x225.jpg 300w, https:\/\/agrilifestudio.com\/wp-content\/uploads\/2025\/05\/sans-titre-2023-02-24t200330.718-980x735-1-768x576.jpg 768w, https:\/\/agrilifestudio.com\/wp-content\/uploads\/2025\/05\/sans-titre-2023-02-24t200330.718-980x735-1-16x12.jpg 16w\" sizes=\"(max-width: 800px) 100vw, 800px\" \/>\t\t\t\t\t\t\t\t\t\t\t\t\t\t\t<\/div>\n\t\t\t\t<\/div>\n\t\t\t\t<div class=\"elementor-element elementor-element-8e5ffdf elementor-widget elementor-widget-heading\" data-id=\"8e5ffdf\" data-element_type=\"widget\" data-e-type=\"widget\" data-widget_type=\"heading.default\">\n\t\t\t\t<div class=\"elementor-widget-container\">\n\t\t\t\t\t<h2 class=\"elementor-heading-title elementor-size-default\">Prot\u00e9ines v\u00e9g\u00e9tales<\/h2>\t\t\t\t<\/div>\n\t\t\t\t<\/div>\n\t\t\t\t<div class=\"elementor-element elementor-element-9ad5d40 elementor-widget elementor-widget-heading\" data-id=\"9ad5d40\" data-element_type=\"widget\" data-e-type=\"widget\" data-widget_type=\"heading.default\">\n\t\t\t\t<div class=\"elementor-widget-container\">\n\t\t\t\t\t<span class=\"elementor-heading-title elementor-size-default\">Proc\u00e9d\u00e9 brevet\u00e9 d\u2019extraction de prot\u00e9ines de l\u00e9gumineuses \u00e0 haute fonctionnalit\u00e9 (foisonnement, \u00e9mulsification), issus de vari\u00e9t\u00e9s s\u00e9lectionn\u00e9es<\/span>\t\t\t\t<\/div>\n\t\t\t\t<\/div>\n\t\t\t\t\t<\/div>\n\t\t\t\t<\/a>\n\t\t\t\t<\/div>\n\t\t\t\t<div data-elementor-type=\"loop-item\" data-elementor-id=\"2851\" class=\"elementor elementor-2851 e-loop-item e-loop-item-4068 post-4068 startups type-startups status-publish has-post-thumbnail hentry categorie_membre-projets\" data-elementor-post-type=\"elementor_library\" data-custom-edit-handle=\"1\">\n\t\t\t<a class=\"elementor-element elementor-element-01a3a08 e-flex e-con-boxed e-con e-parent\" data-id=\"01a3a08\" data-element_type=\"container\" data-e-type=\"container\" data-settings=\"{&quot;jet_parallax_layout_list&quot;:[],&quot;background_background&quot;:&quot;classic&quot;}\" href=\"https:\/\/agrilifestudio.com\/en\/startups\/assistant-copilot-conseiller-agricole\/\">\n\t\t\t\t\t<div class=\"e-con-inner\">\n\t\t\t\t<div class=\"elementor-element elementor-element-8146759 elementor-widget elementor-widget-image\" data-id=\"8146759\" data-element_type=\"widget\" data-e-type=\"widget\" data-widget_type=\"image.default\">\n\t\t\t\t<div class=\"elementor-widget-container\">\n\t\t\t\t\t\t\t\t\t\t\t\t\t\t\t<img decoding=\"async\" width=\"474\" height=\"289\" src=\"https:\/\/agrilifestudio.com\/wp-content\/uploads\/2025\/05\/th.jpg\" class=\"attachment-large size-large wp-image-4070\" alt=\"\" srcset=\"https:\/\/agrilifestudio.com\/wp-content\/uploads\/2025\/05\/th.jpg 474w, https:\/\/agrilifestudio.com\/wp-content\/uploads\/2025\/05\/th-300x183.jpg 300w, https:\/\/agrilifestudio.com\/wp-content\/uploads\/2025\/05\/th-18x12.jpg 18w\" sizes=\"(max-width: 474px) 100vw, 474px\" \/>\t\t\t\t\t\t\t\t\t\t\t\t\t\t\t<\/div>\n\t\t\t\t<\/div>\n\t\t\t\t<div class=\"elementor-element elementor-element-8e5ffdf elementor-widget elementor-widget-heading\" data-id=\"8e5ffdf\" data-element_type=\"widget\" data-e-type=\"widget\" data-widget_type=\"heading.default\">\n\t\t\t\t<div class=\"elementor-widget-container\">\n\t\t\t\t\t<h2 class=\"elementor-heading-title elementor-size-default\">Assistant Copilot Conseiller Agricole<\/h2>\t\t\t\t<\/div>\n\t\t\t\t<\/div>\n\t\t\t\t<div class=\"elementor-element elementor-element-9ad5d40 elementor-widget elementor-widget-heading\" data-id=\"9ad5d40\" data-element_type=\"widget\" data-e-type=\"widget\" data-widget_type=\"heading.default\">\n\t\t\t\t<div class=\"elementor-widget-container\">\n\t\t\t\t\t<span class=\"elementor-heading-title elementor-size-default\">Plateforme TC - Agriculteur sur mobile bas\u00e9e sur l\u2019IA g\u00e9n\u00e9rative, sp\u00e9cifiquement entra\u00een\u00e9 sur des donn\u00e9es agricoles fiables, pour \u201caugmenter\u201d les conseillers agricoles et favoriser un accompagnement des agriculteurs vers la performance durable<\/span>\t\t\t\t<\/div>\n\t\t\t\t<\/div>\n\t\t\t\t\t<\/div>\n\t\t\t\t<\/a>\n\t\t\t\t<\/div>\n\t\t\t\t<div data-elementor-type=\"loop-item\" data-elementor-id=\"2851\" class=\"elementor elementor-2851 e-loop-item e-loop-item-4057 post-4057 startups type-startups status-publish has-post-thumbnail hentry categorie_membre-projets\" data-elementor-post-type=\"elementor_library\" data-custom-edit-handle=\"1\">\n\t\t\t<a class=\"elementor-element elementor-element-01a3a08 e-flex e-con-boxed e-con e-parent\" data-id=\"01a3a08\" data-element_type=\"container\" data-e-type=\"container\" data-settings=\"{&quot;jet_parallax_layout_list&quot;:[],&quot;background_background&quot;:&quot;classic&quot;}\" href=\"https:\/\/agrilifestudio.com\/en\/startups\/nutrition-animale-permettant-la-reduction-des-emissions-de-methane\/\">\n\t\t\t\t\t<div class=\"e-con-inner\">\n\t\t\t\t<div class=\"elementor-element elementor-element-8146759 elementor-widget elementor-widget-image\" data-id=\"8146759\" data-element_type=\"widget\" data-e-type=\"widget\" data-widget_type=\"image.default\">\n\t\t\t\t<div class=\"elementor-widget-container\">\n\t\t\t\t\t\t\t\t\t\t\t\t\t\t\t<img loading=\"lazy\" decoding=\"async\" width=\"800\" height=\"534\" src=\"https:\/\/agrilifestudio.com\/wp-content\/uploads\/2025\/04\/nutrition-for-cows-818918282cea9fa0d8769adec85239925aaa013d037fd10c85cda1681330c016-1024x683.jpg\" class=\"attachment-large size-large wp-image-3966\" alt=\"\" srcset=\"https:\/\/agrilifestudio.com\/wp-content\/uploads\/2025\/04\/nutrition-for-cows-818918282cea9fa0d8769adec85239925aaa013d037fd10c85cda1681330c016-1024x683.jpg 1024w, https:\/\/agrilifestudio.com\/wp-content\/uploads\/2025\/04\/nutrition-for-cows-818918282cea9fa0d8769adec85239925aaa013d037fd10c85cda1681330c016-300x200.jpg 300w, https:\/\/agrilifestudio.com\/wp-content\/uploads\/2025\/04\/nutrition-for-cows-818918282cea9fa0d8769adec85239925aaa013d037fd10c85cda1681330c016-768x512.jpg 768w, https:\/\/agrilifestudio.com\/wp-content\/uploads\/2025\/04\/nutrition-for-cows-818918282cea9fa0d8769adec85239925aaa013d037fd10c85cda1681330c016-1536x1024.jpg 1536w, https:\/\/agrilifestudio.com\/wp-content\/uploads\/2025\/04\/nutrition-for-cows-818918282cea9fa0d8769adec85239925aaa013d037fd10c85cda1681330c016-2048x1365.jpg 2048w, https:\/\/agrilifestudio.com\/wp-content\/uploads\/2025\/04\/nutrition-for-cows-818918282cea9fa0d8769adec85239925aaa013d037fd10c85cda1681330c016-18x12.jpg 18w\" sizes=\"(max-width: 800px) 100vw, 800px\" \/>\t\t\t\t\t\t\t\t\t\t\t\t\t\t\t<\/div>\n\t\t\t\t<\/div>\n\t\t\t\t<div class=\"elementor-element elementor-element-8e5ffdf elementor-widget elementor-widget-heading\" data-id=\"8e5ffdf\" data-element_type=\"widget\" data-e-type=\"widget\" data-widget_type=\"heading.default\">\n\t\t\t\t<div class=\"elementor-widget-container\">\n\t\t\t\t\t<h2 class=\"elementor-heading-title elementor-size-default\">Nutrition animale permettant la r\u00e9duction des \u00e9missions de m\u00e9thane<\/h2>\t\t\t\t<\/div>\n\t\t\t\t<\/div>\n\t\t\t\t<div class=\"elementor-element elementor-element-9ad5d40 elementor-widget elementor-widget-heading\" data-id=\"9ad5d40\" data-element_type=\"widget\" data-e-type=\"widget\" data-widget_type=\"heading.default\">\n\t\t\t\t<div class=\"elementor-widget-container\">\n\t\t\t\t\t<span class=\"elementor-heading-title elementor-size-default\">Tourteau \u201cintelligent\u201d brevet\u00e9, issu d\u2019une matrice prot\u00e9ique ol\u00e9oprot\u00e9agineuse extrud\u00e9e, capable d\u2019int\u00e9grer un actif anti-m\u00e9thane \u00e0 diffusion lente dans le rumen<\/span>\t\t\t\t<\/div>\n\t\t\t\t<\/div>\n\t\t\t\t\t<\/div>\n\t\t\t\t<\/a>\n\t\t\t\t<\/div>\n\t\t\t\t<\/div>\n\t\t\n\t\t\t\t\t\t<\/div>\n\t\t\t\t<\/div>\n\t\t\t\t\t<\/div>\n\t\t\t\t<\/div>\n\t\t\t\t<\/div>\n\t\t","protected":false},"excerpt":{"rendered":"","protected":false},"author":9,"featured_media":1576,"parent":0,"menu_order":21,"comment_status":"closed","ping_status":"closed","template":"","meta":{"_acf_changed":false,"footnotes":""},"class_list":["post-2969","page","type-page","status-publish","has-post-thumbnail","hentry"],"acf":[],"_links":{"self":[{"href":"https:\/\/agrilifestudio.com\/en\/wp-json\/wp\/v2\/pages\/2969","targetHints":{"allow":["GET"]}}],"collection":[{"href":"https:\/\/agrilifestudio.com\/en\/wp-json\/wp\/v2\/pages"}],"about":[{"href":"https:\/\/agrilifestudio.com\/en\/wp-json\/wp\/v2\/types\/page"}],"author":[{"embeddable":true,"href":"https:\/\/agrilifestudio.com\/en\/wp-json\/wp\/v2\/users\/9"}],"replies":[{"embeddable":true,"href":"https:\/\/agrilifestudio.com\/en\/wp-json\/wp\/v2\/comments?post=2969"}],"version-history":[{"count":0,"href":"https:\/\/agrilifestudio.com\/en\/wp-json\/wp\/v2\/pages\/2969\/revisions"}],"wp:featuredmedia":[{"embeddable":true,"href":"https:\/\/agrilifestudio.com\/en\/wp-json\/wp\/v2\/media\/1576"}],"wp:attachment":[{"href":"https:\/\/agrilifestudio.com\/en\/wp-json\/wp\/v2\/media?parent=2969"}],"curies":[{"name":"wp","href":"https:\/\/api.w.org\/{rel}","templated":true}]}}