{"id":2185,"date":"2023-04-11T14:14:44","date_gmt":"2023-04-11T14:14:44","guid":{"rendered":"https:\/\/agrilifestudio.com\/?page_id=2185"},"modified":"2026-02-03T09:42:43","modified_gmt":"2026-02-03T09:42:43","slug":"mentions-legales","status":"publish","type":"page","link":"https:\/\/agrilifestudio.com\/en\/mentions-legales\/","title":{"rendered":"Legal notices"},"content":{"rendered":"<div data-elementor-type=\"wp-page\" data-elementor-id=\"2185\" class=\"elementor elementor-2185\" data-elementor-post-type=\"page\">\n\t\t\t\t\t\t<section class=\"elementor-section elementor-top-section elementor-element elementor-element-f4d4f8d elementor-section-height-min-height elementor-section-boxed elementor-section-height-default elementor-section-items-middle\" data-id=\"f4d4f8d\" data-element_type=\"section\" data-e-type=\"section\" data-settings=\"{&quot;background_background&quot;:&quot;classic&quot;,&quot;jet_parallax_layout_list&quot;:[]}\">\n\t\t\t\t\t\t<div class=\"elementor-container elementor-column-gap-default\">\n\t\t\t\t\t<div class=\"elementor-column elementor-col-100 elementor-top-column elementor-element elementor-element-1cac27a\" data-id=\"1cac27a\" data-element_type=\"column\" data-e-type=\"column\">\n\t\t\t<div class=\"elementor-widget-wrap elementor-element-populated\">\n\t\t\t\t\t\t<div class=\"elementor-element elementor-element-48ec9d4 elementor-widget elementor-widget-heading\" data-id=\"48ec9d4\" data-element_type=\"widget\" data-e-type=\"widget\" data-widget_type=\"heading.default\">\n\t\t\t\t<div class=\"elementor-widget-container\">\n\t\t\t\t\t<h1 class=\"elementor-heading-title elementor-size-default\">Legal notices<\/h1>\t\t\t\t<\/div>\n\t\t\t\t<\/div>\n\t\t\t\t\t<\/div>\n\t\t<\/div>\n\t\t\t\t\t<\/div>\n\t\t<\/section>\n\t\t\t\t<section class=\"elementor-section elementor-top-section elementor-element elementor-element-e6ae9c7 elementor-section-boxed elementor-section-height-default elementor-section-height-default\" data-id=\"e6ae9c7\" data-element_type=\"section\" data-e-type=\"section\" data-settings=\"{&quot;jet_parallax_layout_list&quot;:[]}\">\n\t\t\t\t\t\t<div class=\"elementor-container elementor-column-gap-default\">\n\t\t\t\t\t<div class=\"elementor-column elementor-col-100 elementor-top-column elementor-element elementor-element-9e6a07d\" data-id=\"9e6a07d\" data-element_type=\"column\" data-e-type=\"column\" data-settings=\"{&quot;background_background&quot;:&quot;classic&quot;}\">\n\t\t\t<div class=\"elementor-widget-wrap elementor-element-populated\">\n\t\t\t\t\t\t<div class=\"elementor-element elementor-element-3c5d508 elementor-widget elementor-widget-heading\" data-id=\"3c5d508\" data-element_type=\"widget\" data-e-type=\"widget\" data-widget_type=\"heading.default\">\n\t\t\t\t<div class=\"elementor-widget-container\">\n\t\t\t\t\t<h2 class=\"elementor-heading-title elementor-size-default\">I. LEGAL INFORMATION<\/h2>\t\t\t\t<\/div>\n\t\t\t\t<\/div>\n\t\t\t\t<div class=\"elementor-element elementor-element-1c296d7 elementor-widget elementor-widget-heading\" data-id=\"1c296d7\" data-element_type=\"widget\" data-e-type=\"widget\" data-widget_type=\"heading.default\">\n\t\t\t\t<div class=\"elementor-widget-container\">\n\t\t\t\t\t<h3 class=\"elementor-heading-title elementor-size-default\">1. SITE EDITOR<\/h3>\t\t\t\t<\/div>\n\t\t\t\t<\/div>\n\t\t\t\t<div class=\"elementor-element elementor-element-3a526e3 elementor-widget elementor-widget-text-editor\" data-id=\"3a526e3\" data-element_type=\"widget\" data-e-type=\"widget\" data-widget_type=\"text-editor.default\">\n\t\t\t\t<div class=\"elementor-widget-container\">\n\t\t\t\t\t\t\t\t\t<p style=\"margin: 0px; padding: 0px; border: 0px; outline: 0px; vertical-align: baseline; background-image: initial; background-position: 0px 0px; background-size: initial; background-repeat: initial; background-attachment: initial; background-origin: initial; background-clip: initial;\"><span style=\"color: #333333; font-family: brandon-grotesque, Helvetica Neue, Helvetica, Arial, sans-serif;\">Company name:&nbsp; <b>AGRILIFE STUDIO<\/b><\/span><\/p>\n<p style=\"margin: 0px; padding: 0px; border: 0px; outline: 0px; vertical-align: baseline; background-image: initial; background-position: 0px 0px; background-size: initial; background-repeat: initial; background-attachment: initial; background-origin: initial; background-clip: initial;\"><span style=\"color: #333333; font-family: brandon-grotesque, Helvetica Neue, Helvetica, Arial, sans-serif;\">Legal status : <b>SAS<\/b><\/span><\/p>\n<p style=\"margin: 0px; padding: 0px; border: 0px; outline: 0px; vertical-align: baseline; background-image: initial; background-position: 0px 0px; background-size: initial; background-repeat: initial; background-attachment: initial; background-origin: initial; background-clip: initial;\"><span style=\"color: #333333; font-family: brandon-grotesque, 'Helvetica Neue', Helvetica, Arial, sans-serif; font-weight: var( --e-global-typography-text-font-weight );\">Head office:&nbsp;&nbsp;<\/span><span style=\"color: #333333; font-family: brandon-grotesque, Helvetica Neue, Helvetica, Arial, sans-serif;\"><b>17 RUE HAUTEVILLE &#8211; 75010 PARIS<\/b><\/span><\/p>\n<p style=\"margin: 0px; padding: 0px; border: 0px; outline: 0px; vertical-align: baseline; background-image: initial; background-position: 0px 0px; background-size: initial; background-repeat: initial; background-attachment: initial; background-origin: initial; background-clip: initial;\"><span style=\"color: #333333; font-family: brandon-grotesque, Helvetica Neue, Helvetica, Arial, sans-serif;\">Share capital:&nbsp; <b>10 101 000,00 euros<\/b><\/span><\/p>\n<p style=\"margin: 0px; padding: 0px; border: 0px; outline: 0px; vertical-align: baseline; background-image: initial; background-position: 0px 0px; background-size: initial; background-repeat: initial; background-attachment: initial; background-origin: initial; background-clip: initial;\"><span style=\"color: #333333; font-family: brandon-grotesque, Helvetica Neue, Helvetica, Arial, sans-serif;\">Registration in the Trade and Companies Register of Evry under number<\/span><span style=\"color: #333333; font-family: brandon-grotesque, Helvetica Neue, Helvetica, Arial, sans-serif;\"><b>&nbsp;B 921 116 083<\/b><\/span><\/p>\n<p style=\"margin: 0px; padding: 0px; border: 0px; outline: 0px; vertical-align: baseline; background-image: initial; background-position: 0px 0px; background-size: initial; background-repeat: initial; background-attachment: initial; background-origin: initial; background-clip: initial;\"><span style=\"color: #333333; font-family: brandon-grotesque, Helvetica Neue, Helvetica, Arial, sans-serif;\">FR VAT number:&nbsp;<\/span><span style=\"color: #333333; font-family: brandon-grotesque, Helvetica Neue, Helvetica, Arial, sans-serif;\"><b>FR39921116083<\/b><\/span><\/p>\n<p style=\"margin: 0px; padding: 0px; border: 0px; outline: 0px; vertical-align: baseline; background-image: initial; background-position: 0px 0px; background-size: initial; background-repeat: initial; background-attachment: initial; background-origin: initial; background-clip: initial;\"><span style=\"color: #333333; font-family: brandon-grotesque, Helvetica Neue, Helvetica, Arial, sans-serif;\">Publication Director: <b>Anthony Goujet<\/b><\/span><\/p>\t\t\t\t\t\t\t\t<\/div>\n\t\t\t\t<\/div>\n\t\t\t\t<div class=\"elementor-element elementor-element-f05feba elementor-widget elementor-widget-heading\" data-id=\"f05feba\" data-element_type=\"widget\" data-e-type=\"widget\" data-widget_type=\"heading.default\">\n\t\t\t\t<div class=\"elementor-widget-container\">\n\t\t\t\t\t<h3 class=\"elementor-heading-title elementor-size-default\">2. SITE HOST<\/h3>\t\t\t\t<\/div>\n\t\t\t\t<\/div>\n\t\t\t\t<div class=\"elementor-element elementor-element-685e4d4 elementor-widget elementor-widget-text-editor\" data-id=\"685e4d4\" data-element_type=\"widget\" data-e-type=\"widget\" data-widget_type=\"text-editor.default\">\n\t\t\t\t<div class=\"elementor-widget-container\">\n\t\t\t\t\t\t\t\t\t<p style=\"margin: 0px; padding: 0px; border: 0px; outline: 0px; vertical-align: baseline; background-image: initial; background-position: 0px 0px; background-size: initial; background-repeat: initial; background-attachment: initial; background-origin: initial; background-clip: initial;\"><b><a href=\"http:\/\/www.cba-design.com\/france\/\" target=\"_blank\" rel=\"noopener\">CBA Design<\/a><span style=\"color: #333333; font-family: brandon-grotesque, 'Helvetica Neue', Helvetica, Arial, sans-serif;\">\u00a0\u2013 INFOMANIAK<br \/><\/span><\/b><span style=\"color: #333333; font-family: brandon-grotesque, 'Helvetica Neue', Helvetica, Arial, sans-serif; font-weight: var( --e-global-typography-text-font-weight );\">96 Rue Edouard Vaillant \u2013 92 300 Levallois-Perret \u2013 France<\/span><\/p>\t\t\t\t\t\t\t\t<\/div>\n\t\t\t\t<\/div>\n\t\t\t\t<div class=\"elementor-element elementor-element-6c7509e elementor-widget elementor-widget-heading\" data-id=\"6c7509e\" data-element_type=\"widget\" data-e-type=\"widget\" data-widget_type=\"heading.default\">\n\t\t\t\t<div class=\"elementor-widget-container\">\n\t\t\t\t\t<h3 class=\"elementor-heading-title elementor-size-default\">II. GENERAL CONDITIONS OF USE<\/h3>\t\t\t\t<\/div>\n\t\t\t\t<\/div>\n\t\t\t\t<div class=\"elementor-element elementor-element-eb9c41d elementor-widget elementor-widget-text-editor\" data-id=\"eb9c41d\" data-element_type=\"widget\" data-e-type=\"widget\" data-widget_type=\"text-editor.default\">\n\t\t\t\t<div class=\"elementor-widget-container\">\n\t\t\t\t\t\t\t\t\t<p>By accessing the website <a href=\"https:\/\/agrilifestudio.com\/en\/\">agrilifestudio.com<\/a>, you agree to be bound by these Terms of Use, all applicable laws and regulations, and agree that you are responsible for compliance with any applicable local laws. If you do not agree with any of these terms, you are prohibited from using or accessing this site. The materials contained in this site are protected by applicable copyright and trademark law.<\/p>\t\t\t\t\t\t\t\t<\/div>\n\t\t\t\t<\/div>\n\t\t\t\t<div class=\"elementor-element elementor-element-69f459d elementor-widget elementor-widget-heading\" data-id=\"69f459d\" data-element_type=\"widget\" data-e-type=\"widget\" data-widget_type=\"heading.default\">\n\t\t\t\t<div class=\"elementor-widget-container\">\n\t\t\t\t\t<h3 class=\"elementor-heading-title elementor-size-default\">III. License to Use<\/h3>\t\t\t\t<\/div>\n\t\t\t\t<\/div>\n\t\t\t\t<div class=\"elementor-element elementor-element-85ac8c0 elementor-widget elementor-widget-text-editor\" data-id=\"85ac8c0\" data-element_type=\"widget\" data-e-type=\"widget\" data-widget_type=\"text-editor.default\">\n\t\t\t\t<div class=\"elementor-widget-container\">\n\t\t\t\t\t\t\t\t\t<p>Permission is granted to temporarily download one copy of the materials (information or software) on AGRILIFE STUDIO&#039;s website for personal, non-commercial transitory viewing only. This is a license, not a transfer of title, and under this license you may not:<\/p><ul><li>modify or copy the material;<\/li><li>use the material for any commercial purpose or for any public display (commercial or non-commercial);<\/li><li>attempt to decompile or reverse engineer any software contained on AGRILIFE STUDIO&#039;s website;<\/li><li>remove any copyright or other proprietary notations from the materials; or transfer the materials to another person or mirror them on any other server.<\/li><\/ul><p>This license shall automatically terminate if you violate any of these restrictions and may be terminated by AGRILIFE STUDIO at any time. Upon terminating your viewing of these materials or upon the termination of this license, you must destroy any downloaded materials in your possession whether in electronic or printed format.<\/p><div>\u00a0<\/div>\t\t\t\t\t\t\t\t<\/div>\n\t\t\t\t<\/div>\n\t\t\t\t<div class=\"elementor-element elementor-element-917502f elementor-widget elementor-widget-heading\" data-id=\"917502f\" data-element_type=\"widget\" data-e-type=\"widget\" data-widget_type=\"heading.default\">\n\t\t\t\t<div class=\"elementor-widget-container\">\n\t\t\t\t\t<h3 class=\"elementor-heading-title elementor-size-default\">III. Disclaimer<\/h3>\t\t\t\t<\/div>\n\t\t\t\t<\/div>\n\t\t\t\t<div class=\"elementor-element elementor-element-cf4b3fb elementor-widget elementor-widget-text-editor\" data-id=\"cf4b3fb\" data-element_type=\"widget\" data-e-type=\"widget\" data-widget_type=\"text-editor.default\">\n\t\t\t\t<div class=\"elementor-widget-container\">\n\t\t\t\t\t\t\t\t\t<p>The materials on AGRILIFE STUDIO&#039;s website are provided &quot;as is&quot;. AGRILIFE STUDIO makes no warranties, expressed or implied, and hereby disclaims and negates all other warranties, including without limitation, implied warranties or conditions of merchantability, fitness for a particular purpose, or non-infringement of intellectual property or other violation of rights.<\/p><p>Further, AGRILIFE STUDIO does not warrant or make any representations concerning the accuracy, likely results, or reliability of the use of the materials on its website or otherwise relating to such materials or on any sites linked to this site.<\/p>\t\t\t\t\t\t\t\t<\/div>\n\t\t\t\t<\/div>\n\t\t\t\t<div class=\"elementor-element elementor-element-b67af7d elementor-widget elementor-widget-heading\" data-id=\"b67af7d\" data-element_type=\"widget\" data-e-type=\"widget\" data-widget_type=\"heading.default\">\n\t\t\t\t<div class=\"elementor-widget-container\">\n\t\t\t\t\t<h3 class=\"elementor-heading-title elementor-size-default\">IV. Limits of use<\/h3>\t\t\t\t<\/div>\n\t\t\t\t<\/div>\n\t\t\t\t<div class=\"elementor-element elementor-element-69f2002 elementor-widget elementor-widget-text-editor\" data-id=\"69f2002\" data-element_type=\"widget\" data-e-type=\"widget\" data-widget_type=\"text-editor.default\">\n\t\t\t\t<div class=\"elementor-widget-container\">\n\t\t\t\t\t\t\t\t\t<p>In no event shall AGRILIFE STUDIO or its suppliers be liable for any damages (including, without limitation, damages for loss of data or profit, or for business interruption) arising out of the use or inability to use the materials on AGRILIFE STUDIO&#039;s website, even if AGRILIFE STUDIO or a AGRILIFE STUDIO authorized representative has been notified orally or in writing of the possibility of such damage. Because some jurisdictions do not allow limitations on implied warranties, or limitations of liability for consequential or incidental damages, these limitations may not apply to you.<\/p>\t\t\t\t\t\t\t\t<\/div>\n\t\t\t\t<\/div>\n\t\t\t\t<div class=\"elementor-element elementor-element-8ce8c2a elementor-widget elementor-widget-heading\" data-id=\"8ce8c2a\" data-element_type=\"widget\" data-e-type=\"widget\" data-widget_type=\"heading.default\">\n\t\t\t\t<div class=\"elementor-widget-container\">\n\t\t\t\t\t<h3 class=\"elementor-heading-title elementor-size-default\">V. Accuracy of Material<\/h3>\t\t\t\t<\/div>\n\t\t\t\t<\/div>\n\t\t\t\t<div class=\"elementor-element elementor-element-c213cc4 elementor-widget elementor-widget-text-editor\" data-id=\"c213cc4\" data-element_type=\"widget\" data-e-type=\"widget\" data-widget_type=\"text-editor.default\">\n\t\t\t\t<div class=\"elementor-widget-container\">\n\t\t\t\t\t\t\t\t\t<p>The materials appearing on AGRILIFE STUDIO&#039;s web site could include technical, typographical, or photographic errors. AGRILIFE STUDIO does not warrant that any of the materials on its web site are accurate, complete, or current. AGRILIFE STUDIO may make changes to the materials on its web site at any time without notice. However, AGRILIFE STUDIO makes no commitment to update the materials.<\/p>\t\t\t\t\t\t\t\t<\/div>\n\t\t\t\t<\/div>\n\t\t\t\t<div class=\"elementor-element elementor-element-97d25fb elementor-widget elementor-widget-heading\" data-id=\"97d25fb\" data-element_type=\"widget\" data-e-type=\"widget\" data-widget_type=\"heading.default\">\n\t\t\t\t<div class=\"elementor-widget-container\">\n\t\t\t\t\t<h3 class=\"elementor-heading-title elementor-size-default\">VI. Links<\/h3>\t\t\t\t<\/div>\n\t\t\t\t<\/div>\n\t\t\t\t<div class=\"elementor-element elementor-element-2700f6e elementor-widget elementor-widget-text-editor\" data-id=\"2700f6e\" data-element_type=\"widget\" data-e-type=\"widget\" data-widget_type=\"text-editor.default\">\n\t\t\t\t<div class=\"elementor-widget-container\">\n\t\t\t\t\t\t\t\t\t<p>AGRILIFE STUDIO has not reviewed all of the sites linked to its website and is not responsible for the contents of any such linked site. The inclusion of any link does not imply endorsement by AGRILIFE STUDIO of the site. Use of any such site is at the user&#039;s own risk.<\/p>\t\t\t\t\t\t\t\t<\/div>\n\t\t\t\t<\/div>\n\t\t\t\t<div class=\"elementor-element elementor-element-4d991bf elementor-widget elementor-widget-heading\" data-id=\"4d991bf\" data-element_type=\"widget\" data-e-type=\"widget\" data-widget_type=\"heading.default\">\n\t\t\t\t<div class=\"elementor-widget-container\">\n\t\t\t\t\t<h3 class=\"elementor-heading-title elementor-size-default\">VII. Modifications<\/h3>\t\t\t\t<\/div>\n\t\t\t\t<\/div>\n\t\t\t\t<div class=\"elementor-element elementor-element-6e104e0 elementor-widget elementor-widget-text-editor\" data-id=\"6e104e0\" data-element_type=\"widget\" data-e-type=\"widget\" data-widget_type=\"text-editor.default\">\n\t\t\t\t<div class=\"elementor-widget-container\">\n\t\t\t\t\t\t\t\t\t<p>AGRILIFE STUDIO may revise the terms of use for its website at any time without notice. By using this site, you agree to be bound by the most recent version of these terms of use.<\/p>\t\t\t\t\t\t\t\t<\/div>\n\t\t\t\t<\/div>\n\t\t\t\t<div class=\"elementor-element elementor-element-032f3a4 elementor-widget elementor-widget-heading\" data-id=\"032f3a4\" data-element_type=\"widget\" data-e-type=\"widget\" data-widget_type=\"heading.default\">\n\t\t\t\t<div class=\"elementor-widget-container\">\n\t\t\t\t\t<h3 class=\"elementor-heading-title elementor-size-default\">VIII. Applicable law<span style=\"font-size: medium;font-weight: 400;text-transform: none;white-space: normal\"><\/span><\/h3>\t\t\t\t<\/div>\n\t\t\t\t<\/div>\n\t\t\t\t<div class=\"elementor-element elementor-element-562eb87 elementor-widget__width-initial elementor-widget elementor-widget-text-editor\" data-id=\"562eb87\" data-element_type=\"widget\" data-e-type=\"widget\" data-widget_type=\"text-editor.default\">\n\t\t\t\t<div class=\"elementor-widget-container\">\n\t\t\t\t\t\t\t\t\t<p>These terms and conditions are governed by and construed in accordance with the laws of France and you irrevocably submit to the exclusive jurisdiction of the courts of that State or location.<\/p>\t\t\t\t\t\t\t\t<\/div>\n\t\t\t\t<\/div>\n\t\t\t\t\t<\/div>\n\t\t<\/div>\n\t\t\t\t\t<\/div>\n\t\t<\/section>\n\t\t\t\t<\/div>","protected":false},"excerpt":{"rendered":"<p>I. INFORMATIONS L\u00c9GALES 1. EDITEUR DU SITE Raison sociale :&nbsp; AGRILIFE STUDIO Forme juridique : SAS Si\u00e8ge social :&nbsp;&nbsp;17 RUE HAUTEVILLE &#8211; 75010 PARIS Capital social :&nbsp; 10 101 000,00 euros Immatriculation au Registre du Commerce et des Soci\u00e9t\u00e9s d&rsquo;\u00c9vry sous le num\u00e9ro&nbsp;B 921 116 083 Num\u00e9ro de TVA FR :&nbsp;FR39921116083 Directeur de la publication [&hellip;]<\/p>\n","protected":false},"author":2,"featured_media":0,"parent":0,"menu_order":19,"comment_status":"closed","ping_status":"closed","template":"","meta":{"_acf_changed":false,"footnotes":""},"class_list":["post-2185","page","type-page","status-publish","hentry"],"acf":[],"_links":{"self":[{"href":"https:\/\/agrilifestudio.com\/en\/wp-json\/wp\/v2\/pages\/2185","targetHints":{"allow":["GET"]}}],"collection":[{"href":"https:\/\/agrilifestudio.com\/en\/wp-json\/wp\/v2\/pages"}],"about":[{"href":"https:\/\/agrilifestudio.com\/en\/wp-json\/wp\/v2\/types\/page"}],"author":[{"embeddable":true,"href":"https:\/\/agrilifestudio.com\/en\/wp-json\/wp\/v2\/users\/2"}],"replies":[{"embeddable":true,"href":"https:\/\/agrilifestudio.com\/en\/wp-json\/wp\/v2\/comments?post=2185"}],"version-history":[{"count":0,"href":"https:\/\/agrilifestudio.com\/en\/wp-json\/wp\/v2\/pages\/2185\/revisions"}],"wp:attachment":[{"href":"https:\/\/agrilifestudio.com\/en\/wp-json\/wp\/v2\/media?parent=2185"}],"curies":[{"name":"wp","href":"https:\/\/api.w.org\/{rel}","templated":true}]}}