{"id":1042,"date":"2022-10-27T15:40:14","date_gmt":"2022-10-27T15:40:14","guid":{"rendered":"https:\/\/agrilifestudio.com\/?page_id=1042"},"modified":"2024-10-24T07:29:13","modified_gmt":"2024-10-24T07:29:13","slug":"kit-ui","status":"publish","type":"page","link":"https:\/\/agrilifestudio.com\/en\/kit-ui\/","title":{"rendered":"kit ui"},"content":{"rendered":"<div data-elementor-type=\"wp-page\" data-elementor-id=\"1042\" class=\"elementor elementor-1042\" data-elementor-post-type=\"page\">\n\t\t\t\t\t\t<section class=\"elementor-section elementor-top-section elementor-element elementor-element-9b206df elementor-section-height-min-height elementor-section-boxed elementor-section-height-default elementor-section-items-middle\" data-id=\"9b206df\" data-element_type=\"section\" data-e-type=\"section\" data-settings=\"{&quot;background_background&quot;:&quot;classic&quot;,&quot;jet_parallax_layout_list&quot;:[]}\">\n\t\t\t\t\t\t<div class=\"elementor-container elementor-column-gap-default\">\n\t\t\t\t\t<div class=\"elementor-column elementor-col-100 elementor-top-column elementor-element elementor-element-ea81967\" data-id=\"ea81967\" data-element_type=\"column\" data-e-type=\"column\">\n\t\t\t<div class=\"elementor-widget-wrap elementor-element-populated\">\n\t\t\t\t\t\t<div class=\"elementor-element elementor-element-c09d307 elementor-widget elementor-widget-heading\" data-id=\"c09d307\" data-element_type=\"widget\" data-e-type=\"widget\" data-widget_type=\"heading.default\">\n\t\t\t\t<div class=\"elementor-widget-container\">\n\t\t\t\t\t<h1 class=\"elementor-heading-title elementor-size-default\">H1 - 60 \/ 52 \/ 36 - Agrilife-Studio Startup studio \u00e0 impact d\u00e9di\u00e9<\/h1>\t\t\t\t<\/div>\n\t\t\t\t<\/div>\n\t\t\t\t<div class=\"elementor-element elementor-element-2d37f40 elementor-widget-divider--view-line elementor-widget elementor-widget-divider\" data-id=\"2d37f40\" data-element_type=\"widget\" data-e-type=\"widget\" data-widget_type=\"divider.default\">\n\t\t\t\t<div class=\"elementor-widget-container\">\n\t\t\t\t\t\t\t<div class=\"elementor-divider\">\n\t\t\t<span class=\"elementor-divider-separator\">\n\t\t\t\t\t\t<\/span>\n\t\t<\/div>\n\t\t\t\t\t\t<\/div>\n\t\t\t\t<\/div>\n\t\t\t\t<div class=\"elementor-element elementor-element-157c14c elementor-widget elementor-widget-heading\" data-id=\"157c14c\" data-element_type=\"widget\" data-e-type=\"widget\" data-widget_type=\"heading.default\">\n\t\t\t\t<div class=\"elementor-widget-container\">\n\t\t\t\t\t<h2 class=\"elementor-heading-title elementor-size-default\">H2 - 40 \/ 32 \/ 24 - Agrilife-Studio Startup studio \u00e0 impact d\u00e9di\u00e9 \u00e0 l\u2019Agritech<\/h2>\t\t\t\t<\/div>\n\t\t\t\t<\/div>\n\t\t\t\t<div class=\"elementor-element elementor-element-c3448d8 elementor-widget-divider--view-line elementor-widget elementor-widget-divider\" data-id=\"c3448d8\" data-element_type=\"widget\" data-e-type=\"widget\" data-widget_type=\"divider.default\">\n\t\t\t\t<div class=\"elementor-widget-container\">\n\t\t\t\t\t\t\t<div class=\"elementor-divider\">\n\t\t\t<span class=\"elementor-divider-separator\">\n\t\t\t\t\t\t<\/span>\n\t\t<\/div>\n\t\t\t\t\t\t<\/div>\n\t\t\t\t<\/div>\n\t\t\t\t<div class=\"elementor-element elementor-element-74d9721 elementor-widget elementor-widget-heading\" data-id=\"74d9721\" data-element_type=\"widget\" data-e-type=\"widget\" data-widget_type=\"heading.default\">\n\t\t\t\t<div class=\"elementor-widget-container\">\n\t\t\t\t\t<h3 class=\"elementor-heading-title elementor-size-default\">H3 - 24 \/ 24 \/ 20 - Agrilife-Studio Startup studio \u00e0 impact d\u00e9di\u00e9 \u00e0 l\u2019Agritech Agrilife-Studio Startup studio \u00e0 impact d\u00e9di\u00e9 \u00e0 l\u2019Agritech Agrilife-Studio Startup studio \u00e0 impact d\u00e9di\u00e9 \u00e0 l\u2019Agritech<br><\/h3>\t\t\t\t<\/div>\n\t\t\t\t<\/div>\n\t\t\t\t<div class=\"elementor-element elementor-element-7204025 elementor-widget-divider--view-line elementor-widget elementor-widget-divider\" data-id=\"7204025\" data-element_type=\"widget\" data-e-type=\"widget\" data-widget_type=\"divider.default\">\n\t\t\t\t<div class=\"elementor-widget-container\">\n\t\t\t\t\t\t\t<div class=\"elementor-divider\">\n\t\t\t<span class=\"elementor-divider-separator\">\n\t\t\t\t\t\t<\/span>\n\t\t<\/div>\n\t\t\t\t\t\t<\/div>\n\t\t\t\t<\/div>\n\t\t\t\t<div class=\"elementor-element elementor-element-ba7f1e2 elementor-widget elementor-widget-heading\" data-id=\"ba7f1e2\" data-element_type=\"widget\" data-e-type=\"widget\" data-widget_type=\"heading.default\">\n\t\t\t\t<div class=\"elementor-widget-container\">\n\t\t\t\t\t<h4 class=\"elementor-heading-title elementor-size-default\">H4 - 18 \/ 18 \/ 18 - Agrilife-Studio Startup studio \u00e0 impact d\u00e9di\u00e9 \u00e0 l\u2019Agritech Agrilife-Studio Startup studio \u00e0 impact d\u00e9di\u00e9 \u00e0 l\u2019Agritech Agrilife-Studio Startup studio \u00e0 impact d\u00e9di\u00e9 \u00e0 l\u2019Agritech Agrilife-Studio Startup studio \u00e0 impact d\u00e9di\u00e9 \u00e0 l\u2019Agritech<br><\/h4>\t\t\t\t<\/div>\n\t\t\t\t<\/div>\n\t\t\t\t<div class=\"elementor-element elementor-element-50735d4 elementor-widget-divider--view-line elementor-widget elementor-widget-divider\" data-id=\"50735d4\" data-element_type=\"widget\" data-e-type=\"widget\" data-widget_type=\"divider.default\">\n\t\t\t\t<div class=\"elementor-widget-container\">\n\t\t\t\t\t\t\t<div class=\"elementor-divider\">\n\t\t\t<span class=\"elementor-divider-separator\">\n\t\t\t\t\t\t<\/span>\n\t\t<\/div>\n\t\t\t\t\t\t<\/div>\n\t\t\t\t<\/div>\n\t\t\t\t<div class=\"elementor-element elementor-element-5dc92f1 elementor-widget elementor-widget-text-editor\" data-id=\"5dc92f1\" data-element_type=\"widget\" data-e-type=\"widget\" data-widget_type=\"text-editor.default\">\n\t\t\t\t<div class=\"elementor-widget-container\">\n\t\t\t\t\t\t\t\t\t<p>ParagrapheLorem ipsum dolor sit amet, consectetur adipiscing elit. Nunc vehicula nunc ut sem sollicitudin bibendum.<span style=\"background-color: var( --e-global-color-accent );\">&nbsp;Agrilife-Studio Startup studio \u00e0 impact d\u00e9di\u00e9 \u00e0 l\u2019Agritech<\/span><span style=\"background-color: var( --e-global-color-accent );\">&nbsp;Agrilife-Studio Startup studio \u00e0 impact d\u00e9di\u00e9 \u00e0 l\u2019Agritech<\/span><span style=\"background-color: var( --e-global-color-accent );\">&nbsp;Agrilife-Studio Startup studio \u00e0 impact d\u00e9di\u00e9 \u00e0 l\u2019Agritech<\/span><span style=\"background-color: var( --e-global-color-accent );\">&nbsp;Agrilife-Studio Startup studio \u00e0 impact d\u00e9di\u00e9 \u00e0 l\u2019Agritech<\/span><span style=\"background-color: var( --e-global-color-accent );\">&nbsp;Agrilife-Studio Startup studio \u00e0 impact d\u00e9di\u00e9 \u00e0 l\u2019Agritech<\/span><\/p>\t\t\t\t\t\t\t\t<\/div>\n\t\t\t\t<\/div>\n\t\t\t\t\t<\/div>\n\t\t<\/div>\n\t\t\t\t\t<\/div>\n\t\t<\/section>\n\t\t\t\t<\/div>","protected":false},"excerpt":{"rendered":"<p>H1 &#8211; 60 \/ 52 \/ 36 &#8211; Agrilife-Studio Startup studio \u00e0 impact d\u00e9di\u00e9 H2 &#8211; 40 \/ 32 \/ 24 &#8211; Agrilife-Studio Startup studio \u00e0 impact d\u00e9di\u00e9 \u00e0 l\u2019Agritech H3 &#8211; 24 \/ 24 \/ 20 &#8211; Agrilife-Studio Startup studio \u00e0 impact d\u00e9di\u00e9 \u00e0 l\u2019Agritech Agrilife-Studio Startup studio \u00e0 impact d\u00e9di\u00e9 \u00e0 l\u2019Agritech Agrilife-Studio [&hellip;]<\/p>\n","protected":false},"author":2,"featured_media":0,"parent":0,"menu_order":15,"comment_status":"closed","ping_status":"closed","template":"","meta":{"_acf_changed":false,"footnotes":""},"class_list":["post-1042","page","type-page","status-publish","hentry"],"acf":[],"_links":{"self":[{"href":"https:\/\/agrilifestudio.com\/en\/wp-json\/wp\/v2\/pages\/1042","targetHints":{"allow":["GET"]}}],"collection":[{"href":"https:\/\/agrilifestudio.com\/en\/wp-json\/wp\/v2\/pages"}],"about":[{"href":"https:\/\/agrilifestudio.com\/en\/wp-json\/wp\/v2\/types\/page"}],"author":[{"embeddable":true,"href":"https:\/\/agrilifestudio.com\/en\/wp-json\/wp\/v2\/users\/2"}],"replies":[{"embeddable":true,"href":"https:\/\/agrilifestudio.com\/en\/wp-json\/wp\/v2\/comments?post=1042"}],"version-history":[{"count":0,"href":"https:\/\/agrilifestudio.com\/en\/wp-json\/wp\/v2\/pages\/1042\/revisions"}],"wp:attachment":[{"href":"https:\/\/agrilifestudio.com\/en\/wp-json\/wp\/v2\/media?parent=1042"}],"curies":[{"name":"wp","href":"https:\/\/api.w.org\/{rel}","templated":true}]}}